{"id":102,"date":"2025-02-21T12:57:19","date_gmt":"2025-02-21T11:57:19","guid":{"rendered":"https:\/\/colomiersjudo.fr\/Boutique\/?post_type=product&#038;p=102"},"modified":"2025-11-30T15:34:52","modified_gmt":"2025-11-30T14:34:52","slug":"kimono-superstar-650","status":"publish","type":"product","link":"https:\/\/colomiersjudo.fr\/Boutique\/product\/kimono-superstar-650\/","title":{"rendered":"Kimono Superstar 650"},"content":{"rendered":"<p>Tout en respectant les m\u00eames normes \u00e9lev\u00e9es de Fighting Films, <strong>le kimono Superstar 650Gr IJF<\/strong> est notre kimono de judo de comp\u00e9tition plus l\u00e9ger approuv\u00e9 par l\u2019IJF.<\/p>\n<p>Introduit pour la premi\u00e8re fois dans une taille Super Slim pour r\u00e9pondre sp\u00e9cifiquement aux exigences des jeunes judokas qui sont grands et minces.<br \/>\nCe judogi a \u00e9t\u00e9 sp\u00e9cifiquement introduit pour les judokas qui pr\u00e9f\u00e8rent un kimono de judo plus l\u00e9ger.<br \/>\nDisponible en blanc jusqu\u2019\u00e0 la taille 175 cm.<\/p>\n<p>Le judogi Superstar 650 Gr IJF est mixte.<\/p>\n","protected":false},"excerpt":{"rendered":"<p>Quantit\u00e9 et Taille disponible : 160 cm \/ Qt\u00e9 : 1<\/p>\n<p><strong>Inclus la broderie du logo club Colomiers Judo sur la veste du kimono<\/strong><\/p>\n<hr \/>\n<ul>\n<li><strong>Taille :<\/strong> 150 cm &#8211; 155 cm &#8211; 160 cm &#8211; 165 cm &#8211; 170 cm &#8211; 175 cm<\/li>\n<li><strong>Tarif : <\/strong>de 125,00\u20ac \u00e0 140,00\u20ac<\/li>\n<li><strong>Composition : <\/strong>70 % coton, 30 % polyester<\/li>\n<li><strong>Grammage : <\/strong>650 g\/m\u00b2<\/li>\n<li>Approuv\u00e9 nouvelles <strong>normes IJF<\/strong><\/li>\n<li><strong>Coupe cintr\u00e9e<\/strong><\/li>\n<\/ul>\n","protected":false},"featured_media":103,"comment_status":"open","ping_status":"closed","template":"","meta":[],"product_brand":[],"product_cat":[16],"product_tag":[],"class_list":{"0":"post-102","1":"product","2":"type-product","3":"status-publish","4":"has-post-thumbnail","6":"product_cat-kimono","8":"first","9":"instock","10":"shipping-taxable","11":"product-type-external","12":"customify-col","13":"product-has-gallery"},"yoast_head":"<!-- This site is optimized with the Yoast SEO plugin v26.8 - https:\/\/yoast.com\/product\/yoast-seo-wordpress\/ -->\n<title>Kimono Superstar 650 - Boutique Officielle de l&#039;US Colomiers Judo<\/title>\n<meta name=\"description\" content=\"Tout en respectant les m\u00eames normes \u00e9lev\u00e9es de Fighting Films, le kimono Superstar 650Gr IJF est notre kimono de judo de comp\u00e9tition plus l\u00e9ger approuv\u00e9 par l\u2019IJF. Ce judogi a \u00e9t\u00e9 sp\u00e9cifiquement introduit pour les judokas qui pr\u00e9f\u00e8rent un kimono de judo plus l\u00e9ger.\" \/>\n<meta name=\"robots\" content=\"index, follow, max-snippet:-1, max-image-preview:large, max-video-preview:-1\" \/>\n<link rel=\"canonical\" href=\"https:\/\/colomiersjudo.fr\/Boutique\/product\/kimono-superstar-650\/\" \/>\n<meta property=\"og:locale\" content=\"fr_FR\" \/>\n<meta property=\"og:type\" content=\"article\" \/>\n<meta property=\"og:title\" content=\"Kimono Superstar 650 - Boutique Officielle de l&#039;US Colomiers Judo\" \/>\n<meta property=\"og:description\" content=\"Tout en respectant les m\u00eames normes \u00e9lev\u00e9es de Fighting Films, le kimono Superstar 650Gr IJF est notre kimono de judo de comp\u00e9tition plus l\u00e9ger approuv\u00e9 par l\u2019IJF. Ce judogi a \u00e9t\u00e9 sp\u00e9cifiquement introduit pour les judokas qui pr\u00e9f\u00e8rent un kimono de judo plus l\u00e9ger.\" \/>\n<meta property=\"og:url\" content=\"https:\/\/colomiersjudo.fr\/Boutique\/product\/kimono-superstar-650\/\" \/>\n<meta property=\"og:site_name\" content=\"Boutique Officielle de l&#039;US Colomiers Judo\" \/>\n<meta property=\"article:modified_time\" content=\"2025-11-30T14:34:52+00:00\" \/>\n<meta property=\"og:image\" content=\"https:\/\/colomiersjudo.fr\/Boutique\/wp-content\/uploads\/2025\/02\/Kimono-Superstar-650-Super-Slim-Fit-img001.jpg\" \/>\n\t<meta property=\"og:image:width\" content=\"1500\" \/>\n\t<meta property=\"og:image:height\" content=\"1500\" \/>\n\t<meta property=\"og:image:type\" content=\"image\/jpeg\" \/>\n<meta name=\"twitter:card\" content=\"summary_large_image\" \/>\n<meta name=\"twitter:label1\" content=\"Dur\u00e9e de lecture estim\u00e9e\" \/>\n\t<meta name=\"twitter:data1\" content=\"1 minute\" \/>\n<script type=\"application\/ld+json\" class=\"yoast-schema-graph\">{\"@context\":\"https:\/\/schema.org\",\"@graph\":[{\"@type\":\"WebPage\",\"@id\":\"https:\/\/colomiersjudo.fr\/Boutique\/product\/kimono-superstar-650\/\",\"url\":\"https:\/\/colomiersjudo.fr\/Boutique\/product\/kimono-superstar-650\/\",\"name\":\"Kimono Superstar 650 - Boutique Officielle de l&#039;US Colomiers Judo\",\"isPartOf\":{\"@id\":\"https:\/\/colomiersjudo.fr\/Boutique\/#website\"},\"primaryImageOfPage\":{\"@id\":\"https:\/\/colomiersjudo.fr\/Boutique\/product\/kimono-superstar-650\/#primaryimage\"},\"image\":{\"@id\":\"https:\/\/colomiersjudo.fr\/Boutique\/product\/kimono-superstar-650\/#primaryimage\"},\"thumbnailUrl\":\"https:\/\/colomiersjudo.fr\/Boutique\/wp-content\/uploads\/2025\/02\/Kimono-Superstar-650-Super-Slim-Fit-img001.jpg\",\"datePublished\":\"2025-02-21T11:57:19+00:00\",\"dateModified\":\"2025-11-30T14:34:52+00:00\",\"description\":\"Tout en respectant les m\u00eames normes \u00e9lev\u00e9es de Fighting Films, le kimono Superstar 650Gr IJF est notre kimono de judo de comp\u00e9tition plus l\u00e9ger approuv\u00e9 par l\u2019IJF. Ce judogi a \u00e9t\u00e9 sp\u00e9cifiquement introduit pour les judokas qui pr\u00e9f\u00e8rent un kimono de judo plus l\u00e9ger.\",\"breadcrumb\":{\"@id\":\"https:\/\/colomiersjudo.fr\/Boutique\/product\/kimono-superstar-650\/#breadcrumb\"},\"inLanguage\":\"fr-FR\",\"potentialAction\":[{\"@type\":\"ReadAction\",\"target\":[\"https:\/\/colomiersjudo.fr\/Boutique\/product\/kimono-superstar-650\/\"]}]},{\"@type\":\"ImageObject\",\"inLanguage\":\"fr-FR\",\"@id\":\"https:\/\/colomiersjudo.fr\/Boutique\/product\/kimono-superstar-650\/#primaryimage\",\"url\":\"https:\/\/colomiersjudo.fr\/Boutique\/wp-content\/uploads\/2025\/02\/Kimono-Superstar-650-Super-Slim-Fit-img001.jpg\",\"contentUrl\":\"https:\/\/colomiersjudo.fr\/Boutique\/wp-content\/uploads\/2025\/02\/Kimono-Superstar-650-Super-Slim-Fit-img001.jpg\",\"width\":1500,\"height\":1500},{\"@type\":\"BreadcrumbList\",\"@id\":\"https:\/\/colomiersjudo.fr\/Boutique\/product\/kimono-superstar-650\/#breadcrumb\",\"itemListElement\":[{\"@type\":\"ListItem\",\"position\":1,\"name\":\"Home\",\"item\":\"https:\/\/colomiersjudo.fr\/Boutique\/\"},{\"@type\":\"ListItem\",\"position\":2,\"name\":\"Boutique\",\"item\":\"https:\/\/colomiersjudo.fr\/Boutique\/\"},{\"@type\":\"ListItem\",\"position\":3,\"name\":\"Kimono Superstar 650\"}]},{\"@type\":\"WebSite\",\"@id\":\"https:\/\/colomiersjudo.fr\/Boutique\/#website\",\"url\":\"https:\/\/colomiersjudo.fr\/Boutique\/\",\"name\":\"Boutique Officielle de l&#039;US Colomiers Judo\",\"description\":\"Vente de kimonos, v\u00eatements et accessoires \u00e0 l&#039;image du club de l&#039;US Colomiers Judo\",\"publisher\":{\"@id\":\"https:\/\/colomiersjudo.fr\/Boutique\/#organization\"},\"potentialAction\":[{\"@type\":\"SearchAction\",\"target\":{\"@type\":\"EntryPoint\",\"urlTemplate\":\"https:\/\/colomiersjudo.fr\/Boutique\/?s={search_term_string}\"},\"query-input\":{\"@type\":\"PropertyValueSpecification\",\"valueRequired\":true,\"valueName\":\"search_term_string\"}}],\"inLanguage\":\"fr-FR\"},{\"@type\":\"Organization\",\"@id\":\"https:\/\/colomiersjudo.fr\/Boutique\/#organization\",\"name\":\"Boutique Officielle de l&#039;US Colomiers Judo\",\"url\":\"https:\/\/colomiersjudo.fr\/Boutique\/\",\"logo\":{\"@type\":\"ImageObject\",\"inLanguage\":\"fr-FR\",\"@id\":\"https:\/\/colomiersjudo.fr\/Boutique\/#\/schema\/logo\/image\/\",\"url\":\"https:\/\/colomiersjudo.fr\/Boutique\/wp-content\/uploads\/2025\/02\/cropped-logo-judo-colomiers-2.jpg\",\"contentUrl\":\"https:\/\/colomiersjudo.fr\/Boutique\/wp-content\/uploads\/2025\/02\/cropped-logo-judo-colomiers-2.jpg\",\"width\":507,\"height\":507,\"caption\":\"Boutique Officielle de l&#039;US Colomiers Judo\"},\"image\":{\"@id\":\"https:\/\/colomiersjudo.fr\/Boutique\/#\/schema\/logo\/image\/\"}}]}<\/script>\n<!-- \/ Yoast SEO plugin. -->","yoast_head_json":{"title":"Kimono Superstar 650 - Boutique Officielle de l&#039;US Colomiers Judo","description":"Tout en respectant les m\u00eames normes \u00e9lev\u00e9es de Fighting Films, le kimono Superstar 650Gr IJF est notre kimono de judo de comp\u00e9tition plus l\u00e9ger approuv\u00e9 par l\u2019IJF. Ce judogi a \u00e9t\u00e9 sp\u00e9cifiquement introduit pour les judokas qui pr\u00e9f\u00e8rent un kimono de judo plus l\u00e9ger.","robots":{"index":"index","follow":"follow","max-snippet":"max-snippet:-1","max-image-preview":"max-image-preview:large","max-video-preview":"max-video-preview:-1"},"canonical":"https:\/\/colomiersjudo.fr\/Boutique\/product\/kimono-superstar-650\/","og_locale":"fr_FR","og_type":"article","og_title":"Kimono Superstar 650 - Boutique Officielle de l&#039;US Colomiers Judo","og_description":"Tout en respectant les m\u00eames normes \u00e9lev\u00e9es de Fighting Films, le kimono Superstar 650Gr IJF est notre kimono de judo de comp\u00e9tition plus l\u00e9ger approuv\u00e9 par l\u2019IJF. Ce judogi a \u00e9t\u00e9 sp\u00e9cifiquement introduit pour les judokas qui pr\u00e9f\u00e8rent un kimono de judo plus l\u00e9ger.","og_url":"https:\/\/colomiersjudo.fr\/Boutique\/product\/kimono-superstar-650\/","og_site_name":"Boutique Officielle de l&#039;US Colomiers Judo","article_modified_time":"2025-11-30T14:34:52+00:00","og_image":[{"width":1500,"height":1500,"url":"https:\/\/colomiersjudo.fr\/Boutique\/wp-content\/uploads\/2025\/02\/Kimono-Superstar-650-Super-Slim-Fit-img001.jpg","type":"image\/jpeg"}],"twitter_card":"summary_large_image","twitter_misc":{"Dur\u00e9e de lecture estim\u00e9e":"1 minute"},"schema":{"@context":"https:\/\/schema.org","@graph":[{"@type":"WebPage","@id":"https:\/\/colomiersjudo.fr\/Boutique\/product\/kimono-superstar-650\/","url":"https:\/\/colomiersjudo.fr\/Boutique\/product\/kimono-superstar-650\/","name":"Kimono Superstar 650 - Boutique Officielle de l&#039;US Colomiers Judo","isPartOf":{"@id":"https:\/\/colomiersjudo.fr\/Boutique\/#website"},"primaryImageOfPage":{"@id":"https:\/\/colomiersjudo.fr\/Boutique\/product\/kimono-superstar-650\/#primaryimage"},"image":{"@id":"https:\/\/colomiersjudo.fr\/Boutique\/product\/kimono-superstar-650\/#primaryimage"},"thumbnailUrl":"https:\/\/colomiersjudo.fr\/Boutique\/wp-content\/uploads\/2025\/02\/Kimono-Superstar-650-Super-Slim-Fit-img001.jpg","datePublished":"2025-02-21T11:57:19+00:00","dateModified":"2025-11-30T14:34:52+00:00","description":"Tout en respectant les m\u00eames normes \u00e9lev\u00e9es de Fighting Films, le kimono Superstar 650Gr IJF est notre kimono de judo de comp\u00e9tition plus l\u00e9ger approuv\u00e9 par l\u2019IJF. Ce judogi a \u00e9t\u00e9 sp\u00e9cifiquement introduit pour les judokas qui pr\u00e9f\u00e8rent un kimono de judo plus l\u00e9ger.","breadcrumb":{"@id":"https:\/\/colomiersjudo.fr\/Boutique\/product\/kimono-superstar-650\/#breadcrumb"},"inLanguage":"fr-FR","potentialAction":[{"@type":"ReadAction","target":["https:\/\/colomiersjudo.fr\/Boutique\/product\/kimono-superstar-650\/"]}]},{"@type":"ImageObject","inLanguage":"fr-FR","@id":"https:\/\/colomiersjudo.fr\/Boutique\/product\/kimono-superstar-650\/#primaryimage","url":"https:\/\/colomiersjudo.fr\/Boutique\/wp-content\/uploads\/2025\/02\/Kimono-Superstar-650-Super-Slim-Fit-img001.jpg","contentUrl":"https:\/\/colomiersjudo.fr\/Boutique\/wp-content\/uploads\/2025\/02\/Kimono-Superstar-650-Super-Slim-Fit-img001.jpg","width":1500,"height":1500},{"@type":"BreadcrumbList","@id":"https:\/\/colomiersjudo.fr\/Boutique\/product\/kimono-superstar-650\/#breadcrumb","itemListElement":[{"@type":"ListItem","position":1,"name":"Home","item":"https:\/\/colomiersjudo.fr\/Boutique\/"},{"@type":"ListItem","position":2,"name":"Boutique","item":"https:\/\/colomiersjudo.fr\/Boutique\/"},{"@type":"ListItem","position":3,"name":"Kimono Superstar 650"}]},{"@type":"WebSite","@id":"https:\/\/colomiersjudo.fr\/Boutique\/#website","url":"https:\/\/colomiersjudo.fr\/Boutique\/","name":"Boutique Officielle de l&#039;US Colomiers Judo","description":"Vente de kimonos, v\u00eatements et accessoires \u00e0 l&#039;image du club de l&#039;US Colomiers Judo","publisher":{"@id":"https:\/\/colomiersjudo.fr\/Boutique\/#organization"},"potentialAction":[{"@type":"SearchAction","target":{"@type":"EntryPoint","urlTemplate":"https:\/\/colomiersjudo.fr\/Boutique\/?s={search_term_string}"},"query-input":{"@type":"PropertyValueSpecification","valueRequired":true,"valueName":"search_term_string"}}],"inLanguage":"fr-FR"},{"@type":"Organization","@id":"https:\/\/colomiersjudo.fr\/Boutique\/#organization","name":"Boutique Officielle de l&#039;US Colomiers Judo","url":"https:\/\/colomiersjudo.fr\/Boutique\/","logo":{"@type":"ImageObject","inLanguage":"fr-FR","@id":"https:\/\/colomiersjudo.fr\/Boutique\/#\/schema\/logo\/image\/","url":"https:\/\/colomiersjudo.fr\/Boutique\/wp-content\/uploads\/2025\/02\/cropped-logo-judo-colomiers-2.jpg","contentUrl":"https:\/\/colomiersjudo.fr\/Boutique\/wp-content\/uploads\/2025\/02\/cropped-logo-judo-colomiers-2.jpg","width":507,"height":507,"caption":"Boutique Officielle de l&#039;US Colomiers Judo"},"image":{"@id":"https:\/\/colomiersjudo.fr\/Boutique\/#\/schema\/logo\/image\/"}}]}},"_links":{"self":[{"href":"https:\/\/colomiersjudo.fr\/Boutique\/wp-json\/wp\/v2\/product\/102","targetHints":{"allow":["GET"]}}],"collection":[{"href":"https:\/\/colomiersjudo.fr\/Boutique\/wp-json\/wp\/v2\/product"}],"about":[{"href":"https:\/\/colomiersjudo.fr\/Boutique\/wp-json\/wp\/v2\/types\/product"}],"replies":[{"embeddable":true,"href":"https:\/\/colomiersjudo.fr\/Boutique\/wp-json\/wp\/v2\/comments?post=102"}],"wp:featuredmedia":[{"embeddable":true,"href":"https:\/\/colomiersjudo.fr\/Boutique\/wp-json\/wp\/v2\/media\/103"}],"wp:attachment":[{"href":"https:\/\/colomiersjudo.fr\/Boutique\/wp-json\/wp\/v2\/media?parent=102"}],"wp:term":[{"taxonomy":"product_brand","embeddable":true,"href":"https:\/\/colomiersjudo.fr\/Boutique\/wp-json\/wp\/v2\/product_brand?post=102"},{"taxonomy":"product_cat","embeddable":true,"href":"https:\/\/colomiersjudo.fr\/Boutique\/wp-json\/wp\/v2\/product_cat?post=102"},{"taxonomy":"product_tag","embeddable":true,"href":"https:\/\/colomiersjudo.fr\/Boutique\/wp-json\/wp\/v2\/product_tag?post=102"}],"curies":[{"name":"wp","href":"https:\/\/api.w.org\/{rel}","templated":true}]}}