{"id":110,"date":"2025-02-21T13:19:05","date_gmt":"2025-02-21T12:19:05","guid":{"rendered":"https:\/\/colomiersjudo.fr\/Boutique\/?post_type=product&#038;p=110"},"modified":"2025-09-14T08:55:24","modified_gmt":"2025-09-14T06:55:24","slug":"ceinture-noire-ijf","status":"publish","type":"product","link":"https:\/\/colomiersjudo.fr\/Boutique\/product\/ceinture-noire-ijf\/","title":{"rendered":"Ceinture noire IJF"},"content":{"rendered":"<p>La\u00a0<strong>Ceinture noire de Judo Fighting Films Approuv\u00e9 IJF<\/strong>, est un gage de qualit\u00e9 et une accessoire indispensable \u00e0 la pratique du Judo. Cette ceinture a s\u00e9duit de nombreux athl\u00e8tes dans le monde entier.<\/p>\n<p>Toutes nos ceintures de judo sont\u00a0<strong>conformes aux normes officielles de l\u2019IJF<\/strong>\u00a0(International Judo Federation). Comme tous les mod\u00e8les de ceinture de judo, celui-ci est fait d\u2019un noyau de coton semi-rigide avec de nombreuses\u00a0<strong>surpiq\u00fbres bien align\u00e9es.<\/strong>\u00a0L\u2019ensemble est renforc\u00e9 par une\u00a0<strong>couche ext\u00e9rieure avec un m\u00e9lange de coton et de soie.<\/strong>\u00a0Ainsi, \u00e0 l\u2019inverse des ceintures de judo fines de type Rouleau de tissu, notre ceinture noire de judo est \u00e9paisse et rigide.<\/p>\n","protected":false},"excerpt":{"rendered":"<p><strong>La ceinture noire de judo IJF Fighting Films approuv\u00e9e en comp\u00e9tition internationale<\/strong><\/p>\n<hr \/>\n<ul>\n<li><strong>Taille :<\/strong> 240 cm &#8211; 260 cm &#8211; 280 cm &#8211; 300 cm &#8211; 320 cm<\/li>\n<li>R\u00e9sistante, faite en coton et soie avec un logo brod\u00e9<\/li>\n<li>Approuv\u00e9 nouvelles <strong>normes IJF<\/strong><\/li>\n<\/ul>\n","protected":false},"featured_media":112,"comment_status":"open","ping_status":"closed","template":"","meta":[],"product_brand":[],"product_cat":[16],"product_tag":[],"class_list":{"0":"post-110","1":"product","2":"type-product","3":"status-publish","4":"has-post-thumbnail","6":"product_cat-kimono","8":"first","9":"instock","10":"shipping-taxable","11":"product-type-external","12":"customify-col","13":"product-has-gallery"},"yoast_head":"<!-- This site is optimized with the Yoast SEO plugin v26.8 - https:\/\/yoast.com\/product\/yoast-seo-wordpress\/ -->\n<title>Ceinture noire IJF - Boutique Officielle de l&#039;US Colomiers Judo<\/title>\n<meta name=\"description\" content=\"La\u00a0Ceinture noire de Judo Fighting Films Approuv\u00e9 IJF, est un gage de qualit\u00e9 et une accessoire indispensable \u00e0 la pratique du Judo. Cette ceinture a s\u00e9duit de nombreux athl\u00e8tes dans le monde entier.\" \/>\n<meta name=\"robots\" content=\"index, follow, max-snippet:-1, max-image-preview:large, max-video-preview:-1\" \/>\n<link rel=\"canonical\" href=\"https:\/\/colomiersjudo.fr\/Boutique\/product\/ceinture-noire-ijf\/\" \/>\n<meta property=\"og:locale\" content=\"fr_FR\" \/>\n<meta property=\"og:type\" content=\"article\" \/>\n<meta property=\"og:title\" content=\"Ceinture noire IJF - Boutique Officielle de l&#039;US Colomiers Judo\" \/>\n<meta property=\"og:description\" content=\"La\u00a0Ceinture noire de Judo Fighting Films Approuv\u00e9 IJF, est un gage de qualit\u00e9 et une accessoire indispensable \u00e0 la pratique du Judo. Cette ceinture a s\u00e9duit de nombreux athl\u00e8tes dans le monde entier.\" \/>\n<meta property=\"og:url\" content=\"https:\/\/colomiersjudo.fr\/Boutique\/product\/ceinture-noire-ijf\/\" \/>\n<meta property=\"og:site_name\" content=\"Boutique Officielle de l&#039;US Colomiers Judo\" \/>\n<meta property=\"article:modified_time\" content=\"2025-09-14T06:55:24+00:00\" \/>\n<meta property=\"og:image\" content=\"https:\/\/colomiersjudo.fr\/Boutique\/wp-content\/uploads\/2025\/02\/Ceinture-noire-de-Judo-Approuve-IJF-img002.jpg\" \/>\n\t<meta property=\"og:image:width\" content=\"1600\" \/>\n\t<meta property=\"og:image:height\" content=\"1600\" \/>\n\t<meta property=\"og:image:type\" content=\"image\/jpeg\" \/>\n<meta name=\"twitter:card\" content=\"summary_large_image\" \/>\n<meta name=\"twitter:label1\" content=\"Dur\u00e9e de lecture estim\u00e9e\" \/>\n\t<meta name=\"twitter:data1\" content=\"1 minute\" \/>\n<script type=\"application\/ld+json\" class=\"yoast-schema-graph\">{\"@context\":\"https:\/\/schema.org\",\"@graph\":[{\"@type\":\"WebPage\",\"@id\":\"https:\/\/colomiersjudo.fr\/Boutique\/product\/ceinture-noire-ijf\/\",\"url\":\"https:\/\/colomiersjudo.fr\/Boutique\/product\/ceinture-noire-ijf\/\",\"name\":\"Ceinture noire IJF - Boutique Officielle de l&#039;US Colomiers Judo\",\"isPartOf\":{\"@id\":\"https:\/\/colomiersjudo.fr\/Boutique\/#website\"},\"primaryImageOfPage\":{\"@id\":\"https:\/\/colomiersjudo.fr\/Boutique\/product\/ceinture-noire-ijf\/#primaryimage\"},\"image\":{\"@id\":\"https:\/\/colomiersjudo.fr\/Boutique\/product\/ceinture-noire-ijf\/#primaryimage\"},\"thumbnailUrl\":\"https:\/\/colomiersjudo.fr\/Boutique\/wp-content\/uploads\/2025\/02\/Ceinture-noire-de-Judo-Approuve-IJF-img002.jpg\",\"datePublished\":\"2025-02-21T12:19:05+00:00\",\"dateModified\":\"2025-09-14T06:55:24+00:00\",\"description\":\"La\u00a0Ceinture noire de Judo Fighting Films Approuv\u00e9 IJF, est un gage de qualit\u00e9 et une accessoire indispensable \u00e0 la pratique du Judo. Cette ceinture a s\u00e9duit de nombreux athl\u00e8tes dans le monde entier.\",\"breadcrumb\":{\"@id\":\"https:\/\/colomiersjudo.fr\/Boutique\/product\/ceinture-noire-ijf\/#breadcrumb\"},\"inLanguage\":\"fr-FR\",\"potentialAction\":[{\"@type\":\"ReadAction\",\"target\":[\"https:\/\/colomiersjudo.fr\/Boutique\/product\/ceinture-noire-ijf\/\"]}]},{\"@type\":\"ImageObject\",\"inLanguage\":\"fr-FR\",\"@id\":\"https:\/\/colomiersjudo.fr\/Boutique\/product\/ceinture-noire-ijf\/#primaryimage\",\"url\":\"https:\/\/colomiersjudo.fr\/Boutique\/wp-content\/uploads\/2025\/02\/Ceinture-noire-de-Judo-Approuve-IJF-img002.jpg\",\"contentUrl\":\"https:\/\/colomiersjudo.fr\/Boutique\/wp-content\/uploads\/2025\/02\/Ceinture-noire-de-Judo-Approuve-IJF-img002.jpg\",\"width\":1600,\"height\":1600},{\"@type\":\"BreadcrumbList\",\"@id\":\"https:\/\/colomiersjudo.fr\/Boutique\/product\/ceinture-noire-ijf\/#breadcrumb\",\"itemListElement\":[{\"@type\":\"ListItem\",\"position\":1,\"name\":\"Home\",\"item\":\"https:\/\/colomiersjudo.fr\/Boutique\/\"},{\"@type\":\"ListItem\",\"position\":2,\"name\":\"Boutique\",\"item\":\"https:\/\/colomiersjudo.fr\/Boutique\/\"},{\"@type\":\"ListItem\",\"position\":3,\"name\":\"Ceinture noire IJF\"}]},{\"@type\":\"WebSite\",\"@id\":\"https:\/\/colomiersjudo.fr\/Boutique\/#website\",\"url\":\"https:\/\/colomiersjudo.fr\/Boutique\/\",\"name\":\"Boutique Officielle de l&#039;US Colomiers Judo\",\"description\":\"Vente de kimonos, v\u00eatements et accessoires \u00e0 l&#039;image du club de l&#039;US Colomiers Judo\",\"publisher\":{\"@id\":\"https:\/\/colomiersjudo.fr\/Boutique\/#organization\"},\"potentialAction\":[{\"@type\":\"SearchAction\",\"target\":{\"@type\":\"EntryPoint\",\"urlTemplate\":\"https:\/\/colomiersjudo.fr\/Boutique\/?s={search_term_string}\"},\"query-input\":{\"@type\":\"PropertyValueSpecification\",\"valueRequired\":true,\"valueName\":\"search_term_string\"}}],\"inLanguage\":\"fr-FR\"},{\"@type\":\"Organization\",\"@id\":\"https:\/\/colomiersjudo.fr\/Boutique\/#organization\",\"name\":\"Boutique Officielle de l&#039;US Colomiers Judo\",\"url\":\"https:\/\/colomiersjudo.fr\/Boutique\/\",\"logo\":{\"@type\":\"ImageObject\",\"inLanguage\":\"fr-FR\",\"@id\":\"https:\/\/colomiersjudo.fr\/Boutique\/#\/schema\/logo\/image\/\",\"url\":\"https:\/\/colomiersjudo.fr\/Boutique\/wp-content\/uploads\/2025\/02\/cropped-logo-judo-colomiers-2.jpg\",\"contentUrl\":\"https:\/\/colomiersjudo.fr\/Boutique\/wp-content\/uploads\/2025\/02\/cropped-logo-judo-colomiers-2.jpg\",\"width\":507,\"height\":507,\"caption\":\"Boutique Officielle de l&#039;US Colomiers Judo\"},\"image\":{\"@id\":\"https:\/\/colomiersjudo.fr\/Boutique\/#\/schema\/logo\/image\/\"}}]}<\/script>\n<!-- \/ Yoast SEO plugin. -->","yoast_head_json":{"title":"Ceinture noire IJF - Boutique Officielle de l&#039;US Colomiers Judo","description":"La\u00a0Ceinture noire de Judo Fighting Films Approuv\u00e9 IJF, est un gage de qualit\u00e9 et une accessoire indispensable \u00e0 la pratique du Judo. Cette ceinture a s\u00e9duit de nombreux athl\u00e8tes dans le monde entier.","robots":{"index":"index","follow":"follow","max-snippet":"max-snippet:-1","max-image-preview":"max-image-preview:large","max-video-preview":"max-video-preview:-1"},"canonical":"https:\/\/colomiersjudo.fr\/Boutique\/product\/ceinture-noire-ijf\/","og_locale":"fr_FR","og_type":"article","og_title":"Ceinture noire IJF - Boutique Officielle de l&#039;US Colomiers Judo","og_description":"La\u00a0Ceinture noire de Judo Fighting Films Approuv\u00e9 IJF, est un gage de qualit\u00e9 et une accessoire indispensable \u00e0 la pratique du Judo. Cette ceinture a s\u00e9duit de nombreux athl\u00e8tes dans le monde entier.","og_url":"https:\/\/colomiersjudo.fr\/Boutique\/product\/ceinture-noire-ijf\/","og_site_name":"Boutique Officielle de l&#039;US Colomiers Judo","article_modified_time":"2025-09-14T06:55:24+00:00","og_image":[{"width":1600,"height":1600,"url":"https:\/\/colomiersjudo.fr\/Boutique\/wp-content\/uploads\/2025\/02\/Ceinture-noire-de-Judo-Approuve-IJF-img002.jpg","type":"image\/jpeg"}],"twitter_card":"summary_large_image","twitter_misc":{"Dur\u00e9e de lecture estim\u00e9e":"1 minute"},"schema":{"@context":"https:\/\/schema.org","@graph":[{"@type":"WebPage","@id":"https:\/\/colomiersjudo.fr\/Boutique\/product\/ceinture-noire-ijf\/","url":"https:\/\/colomiersjudo.fr\/Boutique\/product\/ceinture-noire-ijf\/","name":"Ceinture noire IJF - Boutique Officielle de l&#039;US Colomiers Judo","isPartOf":{"@id":"https:\/\/colomiersjudo.fr\/Boutique\/#website"},"primaryImageOfPage":{"@id":"https:\/\/colomiersjudo.fr\/Boutique\/product\/ceinture-noire-ijf\/#primaryimage"},"image":{"@id":"https:\/\/colomiersjudo.fr\/Boutique\/product\/ceinture-noire-ijf\/#primaryimage"},"thumbnailUrl":"https:\/\/colomiersjudo.fr\/Boutique\/wp-content\/uploads\/2025\/02\/Ceinture-noire-de-Judo-Approuve-IJF-img002.jpg","datePublished":"2025-02-21T12:19:05+00:00","dateModified":"2025-09-14T06:55:24+00:00","description":"La\u00a0Ceinture noire de Judo Fighting Films Approuv\u00e9 IJF, est un gage de qualit\u00e9 et une accessoire indispensable \u00e0 la pratique du Judo. Cette ceinture a s\u00e9duit de nombreux athl\u00e8tes dans le monde entier.","breadcrumb":{"@id":"https:\/\/colomiersjudo.fr\/Boutique\/product\/ceinture-noire-ijf\/#breadcrumb"},"inLanguage":"fr-FR","potentialAction":[{"@type":"ReadAction","target":["https:\/\/colomiersjudo.fr\/Boutique\/product\/ceinture-noire-ijf\/"]}]},{"@type":"ImageObject","inLanguage":"fr-FR","@id":"https:\/\/colomiersjudo.fr\/Boutique\/product\/ceinture-noire-ijf\/#primaryimage","url":"https:\/\/colomiersjudo.fr\/Boutique\/wp-content\/uploads\/2025\/02\/Ceinture-noire-de-Judo-Approuve-IJF-img002.jpg","contentUrl":"https:\/\/colomiersjudo.fr\/Boutique\/wp-content\/uploads\/2025\/02\/Ceinture-noire-de-Judo-Approuve-IJF-img002.jpg","width":1600,"height":1600},{"@type":"BreadcrumbList","@id":"https:\/\/colomiersjudo.fr\/Boutique\/product\/ceinture-noire-ijf\/#breadcrumb","itemListElement":[{"@type":"ListItem","position":1,"name":"Home","item":"https:\/\/colomiersjudo.fr\/Boutique\/"},{"@type":"ListItem","position":2,"name":"Boutique","item":"https:\/\/colomiersjudo.fr\/Boutique\/"},{"@type":"ListItem","position":3,"name":"Ceinture noire IJF"}]},{"@type":"WebSite","@id":"https:\/\/colomiersjudo.fr\/Boutique\/#website","url":"https:\/\/colomiersjudo.fr\/Boutique\/","name":"Boutique Officielle de l&#039;US Colomiers Judo","description":"Vente de kimonos, v\u00eatements et accessoires \u00e0 l&#039;image du club de l&#039;US Colomiers Judo","publisher":{"@id":"https:\/\/colomiersjudo.fr\/Boutique\/#organization"},"potentialAction":[{"@type":"SearchAction","target":{"@type":"EntryPoint","urlTemplate":"https:\/\/colomiersjudo.fr\/Boutique\/?s={search_term_string}"},"query-input":{"@type":"PropertyValueSpecification","valueRequired":true,"valueName":"search_term_string"}}],"inLanguage":"fr-FR"},{"@type":"Organization","@id":"https:\/\/colomiersjudo.fr\/Boutique\/#organization","name":"Boutique Officielle de l&#039;US Colomiers Judo","url":"https:\/\/colomiersjudo.fr\/Boutique\/","logo":{"@type":"ImageObject","inLanguage":"fr-FR","@id":"https:\/\/colomiersjudo.fr\/Boutique\/#\/schema\/logo\/image\/","url":"https:\/\/colomiersjudo.fr\/Boutique\/wp-content\/uploads\/2025\/02\/cropped-logo-judo-colomiers-2.jpg","contentUrl":"https:\/\/colomiersjudo.fr\/Boutique\/wp-content\/uploads\/2025\/02\/cropped-logo-judo-colomiers-2.jpg","width":507,"height":507,"caption":"Boutique Officielle de l&#039;US Colomiers Judo"},"image":{"@id":"https:\/\/colomiersjudo.fr\/Boutique\/#\/schema\/logo\/image\/"}}]}},"_links":{"self":[{"href":"https:\/\/colomiersjudo.fr\/Boutique\/wp-json\/wp\/v2\/product\/110","targetHints":{"allow":["GET"]}}],"collection":[{"href":"https:\/\/colomiersjudo.fr\/Boutique\/wp-json\/wp\/v2\/product"}],"about":[{"href":"https:\/\/colomiersjudo.fr\/Boutique\/wp-json\/wp\/v2\/types\/product"}],"replies":[{"embeddable":true,"href":"https:\/\/colomiersjudo.fr\/Boutique\/wp-json\/wp\/v2\/comments?post=110"}],"wp:featuredmedia":[{"embeddable":true,"href":"https:\/\/colomiersjudo.fr\/Boutique\/wp-json\/wp\/v2\/media\/112"}],"wp:attachment":[{"href":"https:\/\/colomiersjudo.fr\/Boutique\/wp-json\/wp\/v2\/media?parent=110"}],"wp:term":[{"taxonomy":"product_brand","embeddable":true,"href":"https:\/\/colomiersjudo.fr\/Boutique\/wp-json\/wp\/v2\/product_brand?post=110"},{"taxonomy":"product_cat","embeddable":true,"href":"https:\/\/colomiersjudo.fr\/Boutique\/wp-json\/wp\/v2\/product_cat?post=110"},{"taxonomy":"product_tag","embeddable":true,"href":"https:\/\/colomiersjudo.fr\/Boutique\/wp-json\/wp\/v2\/product_tag?post=110"}],"curies":[{"name":"wp","href":"https:\/\/api.w.org\/{rel}","templated":true}]}}