{"id":113,"date":"2025-02-21T13:30:29","date_gmt":"2025-02-21T12:30:29","guid":{"rendered":"https:\/\/colomiersjudo.fr\/Boutique\/?post_type=product&#038;p=113"},"modified":"2025-09-14T08:55:06","modified_gmt":"2025-09-14T06:55:06","slug":"pantalon-de-kimono-ijf","status":"publish","type":"product","link":"https:\/\/colomiersjudo.fr\/Boutique\/product\/pantalon-de-kimono-ijf\/","title":{"rendered":"Pantalon de Kimono IJF"},"content":{"rendered":"<p><strong>Le pantalon de kimono de judo\u00a0IJF\u00a0Fighting Films respecte les normes IJF<\/strong> et est le m\u00eame que celui fourni lorsque vous achetez un\u00a0kimono de judo <strong>Superstar 650 Gr IJF<\/strong>\u00a0ou un\u00a0kimono de judo <strong>Superstar 750 Gr IJF<\/strong>.<\/p>\n<p>Nos pantalons sont disponibles de la taille 160cm \u00e0 175cm. Le pantalon de kimono de judo IJF est compos\u00e9 \u00e0 70% de coton et 30% de polyester comme les vestes de judogi IJF.<\/p>\n","protected":false},"excerpt":{"rendered":"<p><strong>Le\u00a0pantalon de kimono de judo IJF Fighting Films est\u00a0 approuv\u00e9 en comp\u00e9tition internationale.<\/strong><\/p>\n<hr \/>\n<ul>\n<li><strong>Taille :<\/strong> 160 cm &#8211; 165 cm &#8211; 170 cm &#8211; 175 cm<\/li>\n<li><strong>Composition :<\/strong> 70% de coton et 30% de polyester<\/li>\n<li>Le pantalon se serre \u00e0 la taille \u00e0 l\u2019aide d\u2019un cordon.<\/li>\n<li>Approuv\u00e9 nouvelles <strong>normes IJF<\/strong><\/li>\n<\/ul>\n","protected":false},"featured_media":114,"comment_status":"open","ping_status":"closed","template":"","meta":[],"product_brand":[],"product_cat":[16],"product_tag":[],"class_list":{"0":"post-113","1":"product","2":"type-product","3":"status-publish","4":"has-post-thumbnail","6":"product_cat-kimono","8":"first","9":"instock","10":"shipping-taxable","11":"product-type-external","12":"customify-col","13":"product-has-gallery"},"yoast_head":"<!-- This site is optimized with the Yoast SEO plugin v26.8 - https:\/\/yoast.com\/product\/yoast-seo-wordpress\/ -->\n<title>Pantalon de Kimono IJF - Boutique Officielle de l&#039;US Colomiers Judo<\/title>\n<meta name=\"description\" content=\"Le pantalon de kimono de judo\u00a0IJF\u00a0Fighting Films respecte les normes IJF et est le m\u00eame que celui fourni lorsque vous achetez un\u00a0kimono de judo Superstar 650 Gr IJF\u00a0ou un\u00a0kimono de judo Superstar 750 Gr IJF. Nos pantalons sont disponibles de la taille 160cm \u00e0 175cm.\" \/>\n<meta name=\"robots\" content=\"index, follow, max-snippet:-1, max-image-preview:large, max-video-preview:-1\" \/>\n<link rel=\"canonical\" href=\"https:\/\/colomiersjudo.fr\/Boutique\/product\/pantalon-de-kimono-ijf\/\" \/>\n<meta property=\"og:locale\" content=\"fr_FR\" \/>\n<meta property=\"og:type\" content=\"article\" \/>\n<meta property=\"og:title\" content=\"Pantalon de Kimono IJF - Boutique Officielle de l&#039;US Colomiers Judo\" \/>\n<meta property=\"og:description\" content=\"Le pantalon de kimono de judo\u00a0IJF\u00a0Fighting Films respecte les normes IJF et est le m\u00eame que celui fourni lorsque vous achetez un\u00a0kimono de judo Superstar 650 Gr IJF\u00a0ou un\u00a0kimono de judo Superstar 750 Gr IJF. Nos pantalons sont disponibles de la taille 160cm \u00e0 175cm.\" \/>\n<meta property=\"og:url\" content=\"https:\/\/colomiersjudo.fr\/Boutique\/product\/pantalon-de-kimono-ijf\/\" \/>\n<meta property=\"og:site_name\" content=\"Boutique Officielle de l&#039;US Colomiers Judo\" \/>\n<meta property=\"article:modified_time\" content=\"2025-09-14T06:55:06+00:00\" \/>\n<meta property=\"og:image\" content=\"https:\/\/colomiersjudo.fr\/Boutique\/wp-content\/uploads\/2025\/02\/Pantalon-FF-Superstar-750-IJF-IMG002.jpg\" \/>\n\t<meta property=\"og:image:width\" content=\"1080\" \/>\n\t<meta property=\"og:image:height\" content=\"1080\" \/>\n\t<meta property=\"og:image:type\" content=\"image\/jpeg\" \/>\n<meta name=\"twitter:card\" content=\"summary_large_image\" \/>\n<meta name=\"twitter:label1\" content=\"Dur\u00e9e de lecture estim\u00e9e\" \/>\n\t<meta name=\"twitter:data1\" content=\"1 minute\" \/>\n<script type=\"application\/ld+json\" class=\"yoast-schema-graph\">{\"@context\":\"https:\/\/schema.org\",\"@graph\":[{\"@type\":\"WebPage\",\"@id\":\"https:\/\/colomiersjudo.fr\/Boutique\/product\/pantalon-de-kimono-ijf\/\",\"url\":\"https:\/\/colomiersjudo.fr\/Boutique\/product\/pantalon-de-kimono-ijf\/\",\"name\":\"Pantalon de Kimono IJF - Boutique Officielle de l&#039;US Colomiers Judo\",\"isPartOf\":{\"@id\":\"https:\/\/colomiersjudo.fr\/Boutique\/#website\"},\"primaryImageOfPage\":{\"@id\":\"https:\/\/colomiersjudo.fr\/Boutique\/product\/pantalon-de-kimono-ijf\/#primaryimage\"},\"image\":{\"@id\":\"https:\/\/colomiersjudo.fr\/Boutique\/product\/pantalon-de-kimono-ijf\/#primaryimage\"},\"thumbnailUrl\":\"https:\/\/colomiersjudo.fr\/Boutique\/wp-content\/uploads\/2025\/02\/Pantalon-FF-Superstar-750-IJF-IMG002.jpg\",\"datePublished\":\"2025-02-21T12:30:29+00:00\",\"dateModified\":\"2025-09-14T06:55:06+00:00\",\"description\":\"Le pantalon de kimono de judo\u00a0IJF\u00a0Fighting Films respecte les normes IJF et est le m\u00eame que celui fourni lorsque vous achetez un\u00a0kimono de judo Superstar 650 Gr IJF\u00a0ou un\u00a0kimono de judo Superstar 750 Gr IJF. Nos pantalons sont disponibles de la taille 160cm \u00e0 175cm.\",\"breadcrumb\":{\"@id\":\"https:\/\/colomiersjudo.fr\/Boutique\/product\/pantalon-de-kimono-ijf\/#breadcrumb\"},\"inLanguage\":\"fr-FR\",\"potentialAction\":[{\"@type\":\"ReadAction\",\"target\":[\"https:\/\/colomiersjudo.fr\/Boutique\/product\/pantalon-de-kimono-ijf\/\"]}]},{\"@type\":\"ImageObject\",\"inLanguage\":\"fr-FR\",\"@id\":\"https:\/\/colomiersjudo.fr\/Boutique\/product\/pantalon-de-kimono-ijf\/#primaryimage\",\"url\":\"https:\/\/colomiersjudo.fr\/Boutique\/wp-content\/uploads\/2025\/02\/Pantalon-FF-Superstar-750-IJF-IMG002.jpg\",\"contentUrl\":\"https:\/\/colomiersjudo.fr\/Boutique\/wp-content\/uploads\/2025\/02\/Pantalon-FF-Superstar-750-IJF-IMG002.jpg\",\"width\":1080,\"height\":1080},{\"@type\":\"BreadcrumbList\",\"@id\":\"https:\/\/colomiersjudo.fr\/Boutique\/product\/pantalon-de-kimono-ijf\/#breadcrumb\",\"itemListElement\":[{\"@type\":\"ListItem\",\"position\":1,\"name\":\"Home\",\"item\":\"https:\/\/colomiersjudo.fr\/Boutique\/\"},{\"@type\":\"ListItem\",\"position\":2,\"name\":\"Boutique\",\"item\":\"https:\/\/colomiersjudo.fr\/Boutique\/\"},{\"@type\":\"ListItem\",\"position\":3,\"name\":\"Pantalon de Kimono IJF\"}]},{\"@type\":\"WebSite\",\"@id\":\"https:\/\/colomiersjudo.fr\/Boutique\/#website\",\"url\":\"https:\/\/colomiersjudo.fr\/Boutique\/\",\"name\":\"Boutique Officielle de l&#039;US Colomiers Judo\",\"description\":\"Vente de kimonos, v\u00eatements et accessoires \u00e0 l&#039;image du club de l&#039;US Colomiers Judo\",\"publisher\":{\"@id\":\"https:\/\/colomiersjudo.fr\/Boutique\/#organization\"},\"potentialAction\":[{\"@type\":\"SearchAction\",\"target\":{\"@type\":\"EntryPoint\",\"urlTemplate\":\"https:\/\/colomiersjudo.fr\/Boutique\/?s={search_term_string}\"},\"query-input\":{\"@type\":\"PropertyValueSpecification\",\"valueRequired\":true,\"valueName\":\"search_term_string\"}}],\"inLanguage\":\"fr-FR\"},{\"@type\":\"Organization\",\"@id\":\"https:\/\/colomiersjudo.fr\/Boutique\/#organization\",\"name\":\"Boutique Officielle de l&#039;US Colomiers Judo\",\"url\":\"https:\/\/colomiersjudo.fr\/Boutique\/\",\"logo\":{\"@type\":\"ImageObject\",\"inLanguage\":\"fr-FR\",\"@id\":\"https:\/\/colomiersjudo.fr\/Boutique\/#\/schema\/logo\/image\/\",\"url\":\"https:\/\/colomiersjudo.fr\/Boutique\/wp-content\/uploads\/2025\/02\/cropped-logo-judo-colomiers-2.jpg\",\"contentUrl\":\"https:\/\/colomiersjudo.fr\/Boutique\/wp-content\/uploads\/2025\/02\/cropped-logo-judo-colomiers-2.jpg\",\"width\":507,\"height\":507,\"caption\":\"Boutique Officielle de l&#039;US Colomiers Judo\"},\"image\":{\"@id\":\"https:\/\/colomiersjudo.fr\/Boutique\/#\/schema\/logo\/image\/\"}}]}<\/script>\n<!-- \/ Yoast SEO plugin. -->","yoast_head_json":{"title":"Pantalon de Kimono IJF - Boutique Officielle de l&#039;US Colomiers Judo","description":"Le pantalon de kimono de judo\u00a0IJF\u00a0Fighting Films respecte les normes IJF et est le m\u00eame que celui fourni lorsque vous achetez un\u00a0kimono de judo Superstar 650 Gr IJF\u00a0ou un\u00a0kimono de judo Superstar 750 Gr IJF. Nos pantalons sont disponibles de la taille 160cm \u00e0 175cm.","robots":{"index":"index","follow":"follow","max-snippet":"max-snippet:-1","max-image-preview":"max-image-preview:large","max-video-preview":"max-video-preview:-1"},"canonical":"https:\/\/colomiersjudo.fr\/Boutique\/product\/pantalon-de-kimono-ijf\/","og_locale":"fr_FR","og_type":"article","og_title":"Pantalon de Kimono IJF - Boutique Officielle de l&#039;US Colomiers Judo","og_description":"Le pantalon de kimono de judo\u00a0IJF\u00a0Fighting Films respecte les normes IJF et est le m\u00eame que celui fourni lorsque vous achetez un\u00a0kimono de judo Superstar 650 Gr IJF\u00a0ou un\u00a0kimono de judo Superstar 750 Gr IJF. Nos pantalons sont disponibles de la taille 160cm \u00e0 175cm.","og_url":"https:\/\/colomiersjudo.fr\/Boutique\/product\/pantalon-de-kimono-ijf\/","og_site_name":"Boutique Officielle de l&#039;US Colomiers Judo","article_modified_time":"2025-09-14T06:55:06+00:00","og_image":[{"width":1080,"height":1080,"url":"https:\/\/colomiersjudo.fr\/Boutique\/wp-content\/uploads\/2025\/02\/Pantalon-FF-Superstar-750-IJF-IMG002.jpg","type":"image\/jpeg"}],"twitter_card":"summary_large_image","twitter_misc":{"Dur\u00e9e de lecture estim\u00e9e":"1 minute"},"schema":{"@context":"https:\/\/schema.org","@graph":[{"@type":"WebPage","@id":"https:\/\/colomiersjudo.fr\/Boutique\/product\/pantalon-de-kimono-ijf\/","url":"https:\/\/colomiersjudo.fr\/Boutique\/product\/pantalon-de-kimono-ijf\/","name":"Pantalon de Kimono IJF - Boutique Officielle de l&#039;US Colomiers Judo","isPartOf":{"@id":"https:\/\/colomiersjudo.fr\/Boutique\/#website"},"primaryImageOfPage":{"@id":"https:\/\/colomiersjudo.fr\/Boutique\/product\/pantalon-de-kimono-ijf\/#primaryimage"},"image":{"@id":"https:\/\/colomiersjudo.fr\/Boutique\/product\/pantalon-de-kimono-ijf\/#primaryimage"},"thumbnailUrl":"https:\/\/colomiersjudo.fr\/Boutique\/wp-content\/uploads\/2025\/02\/Pantalon-FF-Superstar-750-IJF-IMG002.jpg","datePublished":"2025-02-21T12:30:29+00:00","dateModified":"2025-09-14T06:55:06+00:00","description":"Le pantalon de kimono de judo\u00a0IJF\u00a0Fighting Films respecte les normes IJF et est le m\u00eame que celui fourni lorsque vous achetez un\u00a0kimono de judo Superstar 650 Gr IJF\u00a0ou un\u00a0kimono de judo Superstar 750 Gr IJF. Nos pantalons sont disponibles de la taille 160cm \u00e0 175cm.","breadcrumb":{"@id":"https:\/\/colomiersjudo.fr\/Boutique\/product\/pantalon-de-kimono-ijf\/#breadcrumb"},"inLanguage":"fr-FR","potentialAction":[{"@type":"ReadAction","target":["https:\/\/colomiersjudo.fr\/Boutique\/product\/pantalon-de-kimono-ijf\/"]}]},{"@type":"ImageObject","inLanguage":"fr-FR","@id":"https:\/\/colomiersjudo.fr\/Boutique\/product\/pantalon-de-kimono-ijf\/#primaryimage","url":"https:\/\/colomiersjudo.fr\/Boutique\/wp-content\/uploads\/2025\/02\/Pantalon-FF-Superstar-750-IJF-IMG002.jpg","contentUrl":"https:\/\/colomiersjudo.fr\/Boutique\/wp-content\/uploads\/2025\/02\/Pantalon-FF-Superstar-750-IJF-IMG002.jpg","width":1080,"height":1080},{"@type":"BreadcrumbList","@id":"https:\/\/colomiersjudo.fr\/Boutique\/product\/pantalon-de-kimono-ijf\/#breadcrumb","itemListElement":[{"@type":"ListItem","position":1,"name":"Home","item":"https:\/\/colomiersjudo.fr\/Boutique\/"},{"@type":"ListItem","position":2,"name":"Boutique","item":"https:\/\/colomiersjudo.fr\/Boutique\/"},{"@type":"ListItem","position":3,"name":"Pantalon de Kimono IJF"}]},{"@type":"WebSite","@id":"https:\/\/colomiersjudo.fr\/Boutique\/#website","url":"https:\/\/colomiersjudo.fr\/Boutique\/","name":"Boutique Officielle de l&#039;US Colomiers Judo","description":"Vente de kimonos, v\u00eatements et accessoires \u00e0 l&#039;image du club de l&#039;US Colomiers Judo","publisher":{"@id":"https:\/\/colomiersjudo.fr\/Boutique\/#organization"},"potentialAction":[{"@type":"SearchAction","target":{"@type":"EntryPoint","urlTemplate":"https:\/\/colomiersjudo.fr\/Boutique\/?s={search_term_string}"},"query-input":{"@type":"PropertyValueSpecification","valueRequired":true,"valueName":"search_term_string"}}],"inLanguage":"fr-FR"},{"@type":"Organization","@id":"https:\/\/colomiersjudo.fr\/Boutique\/#organization","name":"Boutique Officielle de l&#039;US Colomiers Judo","url":"https:\/\/colomiersjudo.fr\/Boutique\/","logo":{"@type":"ImageObject","inLanguage":"fr-FR","@id":"https:\/\/colomiersjudo.fr\/Boutique\/#\/schema\/logo\/image\/","url":"https:\/\/colomiersjudo.fr\/Boutique\/wp-content\/uploads\/2025\/02\/cropped-logo-judo-colomiers-2.jpg","contentUrl":"https:\/\/colomiersjudo.fr\/Boutique\/wp-content\/uploads\/2025\/02\/cropped-logo-judo-colomiers-2.jpg","width":507,"height":507,"caption":"Boutique Officielle de l&#039;US Colomiers Judo"},"image":{"@id":"https:\/\/colomiersjudo.fr\/Boutique\/#\/schema\/logo\/image\/"}}]}},"_links":{"self":[{"href":"https:\/\/colomiersjudo.fr\/Boutique\/wp-json\/wp\/v2\/product\/113","targetHints":{"allow":["GET"]}}],"collection":[{"href":"https:\/\/colomiersjudo.fr\/Boutique\/wp-json\/wp\/v2\/product"}],"about":[{"href":"https:\/\/colomiersjudo.fr\/Boutique\/wp-json\/wp\/v2\/types\/product"}],"replies":[{"embeddable":true,"href":"https:\/\/colomiersjudo.fr\/Boutique\/wp-json\/wp\/v2\/comments?post=113"}],"wp:featuredmedia":[{"embeddable":true,"href":"https:\/\/colomiersjudo.fr\/Boutique\/wp-json\/wp\/v2\/media\/114"}],"wp:attachment":[{"href":"https:\/\/colomiersjudo.fr\/Boutique\/wp-json\/wp\/v2\/media?parent=113"}],"wp:term":[{"taxonomy":"product_brand","embeddable":true,"href":"https:\/\/colomiersjudo.fr\/Boutique\/wp-json\/wp\/v2\/product_brand?post=113"},{"taxonomy":"product_cat","embeddable":true,"href":"https:\/\/colomiersjudo.fr\/Boutique\/wp-json\/wp\/v2\/product_cat?post=113"},{"taxonomy":"product_tag","embeddable":true,"href":"https:\/\/colomiersjudo.fr\/Boutique\/wp-json\/wp\/v2\/product_tag?post=113"}],"curies":[{"name":"wp","href":"https:\/\/api.w.org\/{rel}","templated":true}]}}