{"id":116,"date":"2025-02-21T13:48:03","date_gmt":"2025-02-21T12:48:03","guid":{"rendered":"https:\/\/colomiersjudo.fr\/Boutique\/?post_type=product&#038;p=116"},"modified":"2025-11-30T15:32:25","modified_gmt":"2025-11-30T14:32:25","slug":"claquettes-de-judo","status":"publish","type":"product","link":"https:\/\/colomiersjudo.fr\/Boutique\/product\/claquettes-de-judo\/","title":{"rendered":"Claquettes de judo"},"content":{"rendered":"<p><strong>D\u00e9couvrez les claquettes de judo Fighting Films,<\/strong> sp\u00e9cialement con\u00e7ues pour les judokas et les amateurs d\u2019arts martiaux. Que ce soit avant ou apr\u00e8s l\u2019entra\u00eenement, ces claquettes offrent un confort et une praticit\u00e9 in\u00e9gal\u00e9s. Elles sont id\u00e9ales pour vous accompagner dans vos d\u00e9placements des vestiaires au tatami.<\/p>\n","protected":false},"excerpt":{"rendered":"<p><strong>Les claquettes Fighting Films sont id\u00e9ales pour tous les pratiquants d&rsquo;arts martiaux.<\/strong><\/p>\n<hr \/>\n<p><strong>PROMOTION SUR LA POITURE 43 EN STOCK \u00e0 16,00\u20ac<\/strong><\/p>\n<ul>\n<li><strong>Pointure :<\/strong> de 37\u00a0 \u00e0 48<\/li>\n<li>Couleur noire et logo Fighting Films rouge<\/li>\n<li><strong>Semelle antid\u00e9rapante<\/strong><\/li>\n<\/ul>\n","protected":false},"featured_media":118,"comment_status":"open","ping_status":"closed","template":"","meta":[],"product_brand":[],"product_cat":[20],"product_tag":[],"class_list":{"0":"post-116","1":"product","2":"type-product","3":"status-publish","4":"has-post-thumbnail","6":"product_cat-accessoires","8":"first","9":"instock","10":"shipping-taxable","11":"product-type-external","12":"customify-col","13":"product-has-gallery"},"yoast_head":"<!-- This site is optimized with the Yoast SEO plugin v26.8 - https:\/\/yoast.com\/product\/yoast-seo-wordpress\/ -->\n<title>Claquettes de judo - Boutique Officielle de l&#039;US Colomiers Judo<\/title>\n<meta name=\"description\" content=\"D\u00e9couvrez les claquettes de judo Fighting Films, sp\u00e9cialement con\u00e7ues pour les judokas et les amateurs d\u2019arts martiaux. Ces claquettes offrent un confort et une praticit\u00e9 in\u00e9gal\u00e9s pour vous accompagner dans vos d\u00e9placements des vestiaires au tatami.\" \/>\n<meta name=\"robots\" content=\"index, follow, max-snippet:-1, max-image-preview:large, max-video-preview:-1\" \/>\n<link rel=\"canonical\" href=\"https:\/\/colomiersjudo.fr\/Boutique\/product\/claquettes-de-judo\/\" \/>\n<meta property=\"og:locale\" content=\"fr_FR\" \/>\n<meta property=\"og:type\" content=\"article\" \/>\n<meta property=\"og:title\" content=\"Claquettes de judo - Boutique Officielle de l&#039;US Colomiers Judo\" \/>\n<meta property=\"og:description\" content=\"D\u00e9couvrez les claquettes de judo Fighting Films, sp\u00e9cialement con\u00e7ues pour les judokas et les amateurs d\u2019arts martiaux. Ces claquettes offrent un confort et une praticit\u00e9 in\u00e9gal\u00e9s pour vous accompagner dans vos d\u00e9placements des vestiaires au tatami.\" \/>\n<meta property=\"og:url\" content=\"https:\/\/colomiersjudo.fr\/Boutique\/product\/claquettes-de-judo\/\" \/>\n<meta property=\"og:site_name\" content=\"Boutique Officielle de l&#039;US Colomiers Judo\" \/>\n<meta property=\"article:modified_time\" content=\"2025-11-30T14:32:25+00:00\" \/>\n<meta property=\"og:image\" content=\"https:\/\/colomiersjudo.fr\/Boutique\/wp-content\/uploads\/2025\/02\/Claquettes-de-judo-FF-img001.jpg\" \/>\n\t<meta property=\"og:image:width\" content=\"1080\" \/>\n\t<meta property=\"og:image:height\" content=\"1080\" \/>\n\t<meta property=\"og:image:type\" content=\"image\/jpeg\" \/>\n<meta name=\"twitter:card\" content=\"summary_large_image\" \/>\n<meta name=\"twitter:label1\" content=\"Dur\u00e9e de lecture estim\u00e9e\" \/>\n\t<meta name=\"twitter:data1\" content=\"1 minute\" \/>\n<script type=\"application\/ld+json\" class=\"yoast-schema-graph\">{\"@context\":\"https:\/\/schema.org\",\"@graph\":[{\"@type\":\"WebPage\",\"@id\":\"https:\/\/colomiersjudo.fr\/Boutique\/product\/claquettes-de-judo\/\",\"url\":\"https:\/\/colomiersjudo.fr\/Boutique\/product\/claquettes-de-judo\/\",\"name\":\"Claquettes de judo - Boutique Officielle de l&#039;US Colomiers Judo\",\"isPartOf\":{\"@id\":\"https:\/\/colomiersjudo.fr\/Boutique\/#website\"},\"primaryImageOfPage\":{\"@id\":\"https:\/\/colomiersjudo.fr\/Boutique\/product\/claquettes-de-judo\/#primaryimage\"},\"image\":{\"@id\":\"https:\/\/colomiersjudo.fr\/Boutique\/product\/claquettes-de-judo\/#primaryimage\"},\"thumbnailUrl\":\"https:\/\/colomiersjudo.fr\/Boutique\/wp-content\/uploads\/2025\/02\/Claquettes-de-judo-FF-img001.jpg\",\"datePublished\":\"2025-02-21T12:48:03+00:00\",\"dateModified\":\"2025-11-30T14:32:25+00:00\",\"description\":\"D\u00e9couvrez les claquettes de judo Fighting Films, sp\u00e9cialement con\u00e7ues pour les judokas et les amateurs d\u2019arts martiaux. Ces claquettes offrent un confort et une praticit\u00e9 in\u00e9gal\u00e9s pour vous accompagner dans vos d\u00e9placements des vestiaires au tatami.\",\"breadcrumb\":{\"@id\":\"https:\/\/colomiersjudo.fr\/Boutique\/product\/claquettes-de-judo\/#breadcrumb\"},\"inLanguage\":\"fr-FR\",\"potentialAction\":[{\"@type\":\"ReadAction\",\"target\":[\"https:\/\/colomiersjudo.fr\/Boutique\/product\/claquettes-de-judo\/\"]}]},{\"@type\":\"ImageObject\",\"inLanguage\":\"fr-FR\",\"@id\":\"https:\/\/colomiersjudo.fr\/Boutique\/product\/claquettes-de-judo\/#primaryimage\",\"url\":\"https:\/\/colomiersjudo.fr\/Boutique\/wp-content\/uploads\/2025\/02\/Claquettes-de-judo-FF-img001.jpg\",\"contentUrl\":\"https:\/\/colomiersjudo.fr\/Boutique\/wp-content\/uploads\/2025\/02\/Claquettes-de-judo-FF-img001.jpg\",\"width\":1080,\"height\":1080},{\"@type\":\"BreadcrumbList\",\"@id\":\"https:\/\/colomiersjudo.fr\/Boutique\/product\/claquettes-de-judo\/#breadcrumb\",\"itemListElement\":[{\"@type\":\"ListItem\",\"position\":1,\"name\":\"Home\",\"item\":\"https:\/\/colomiersjudo.fr\/Boutique\/\"},{\"@type\":\"ListItem\",\"position\":2,\"name\":\"Boutique\",\"item\":\"https:\/\/colomiersjudo.fr\/Boutique\/\"},{\"@type\":\"ListItem\",\"position\":3,\"name\":\"Claquettes de judo\"}]},{\"@type\":\"WebSite\",\"@id\":\"https:\/\/colomiersjudo.fr\/Boutique\/#website\",\"url\":\"https:\/\/colomiersjudo.fr\/Boutique\/\",\"name\":\"Boutique Officielle de l&#039;US Colomiers Judo\",\"description\":\"Vente de kimonos, v\u00eatements et accessoires \u00e0 l&#039;image du club de l&#039;US Colomiers Judo\",\"publisher\":{\"@id\":\"https:\/\/colomiersjudo.fr\/Boutique\/#organization\"},\"potentialAction\":[{\"@type\":\"SearchAction\",\"target\":{\"@type\":\"EntryPoint\",\"urlTemplate\":\"https:\/\/colomiersjudo.fr\/Boutique\/?s={search_term_string}\"},\"query-input\":{\"@type\":\"PropertyValueSpecification\",\"valueRequired\":true,\"valueName\":\"search_term_string\"}}],\"inLanguage\":\"fr-FR\"},{\"@type\":\"Organization\",\"@id\":\"https:\/\/colomiersjudo.fr\/Boutique\/#organization\",\"name\":\"Boutique Officielle de l&#039;US Colomiers Judo\",\"url\":\"https:\/\/colomiersjudo.fr\/Boutique\/\",\"logo\":{\"@type\":\"ImageObject\",\"inLanguage\":\"fr-FR\",\"@id\":\"https:\/\/colomiersjudo.fr\/Boutique\/#\/schema\/logo\/image\/\",\"url\":\"https:\/\/colomiersjudo.fr\/Boutique\/wp-content\/uploads\/2025\/02\/cropped-logo-judo-colomiers-2.jpg\",\"contentUrl\":\"https:\/\/colomiersjudo.fr\/Boutique\/wp-content\/uploads\/2025\/02\/cropped-logo-judo-colomiers-2.jpg\",\"width\":507,\"height\":507,\"caption\":\"Boutique Officielle de l&#039;US Colomiers Judo\"},\"image\":{\"@id\":\"https:\/\/colomiersjudo.fr\/Boutique\/#\/schema\/logo\/image\/\"}}]}<\/script>\n<!-- \/ Yoast SEO plugin. -->","yoast_head_json":{"title":"Claquettes de judo - Boutique Officielle de l&#039;US Colomiers Judo","description":"D\u00e9couvrez les claquettes de judo Fighting Films, sp\u00e9cialement con\u00e7ues pour les judokas et les amateurs d\u2019arts martiaux. Ces claquettes offrent un confort et une praticit\u00e9 in\u00e9gal\u00e9s pour vous accompagner dans vos d\u00e9placements des vestiaires au tatami.","robots":{"index":"index","follow":"follow","max-snippet":"max-snippet:-1","max-image-preview":"max-image-preview:large","max-video-preview":"max-video-preview:-1"},"canonical":"https:\/\/colomiersjudo.fr\/Boutique\/product\/claquettes-de-judo\/","og_locale":"fr_FR","og_type":"article","og_title":"Claquettes de judo - Boutique Officielle de l&#039;US Colomiers Judo","og_description":"D\u00e9couvrez les claquettes de judo Fighting Films, sp\u00e9cialement con\u00e7ues pour les judokas et les amateurs d\u2019arts martiaux. Ces claquettes offrent un confort et une praticit\u00e9 in\u00e9gal\u00e9s pour vous accompagner dans vos d\u00e9placements des vestiaires au tatami.","og_url":"https:\/\/colomiersjudo.fr\/Boutique\/product\/claquettes-de-judo\/","og_site_name":"Boutique Officielle de l&#039;US Colomiers Judo","article_modified_time":"2025-11-30T14:32:25+00:00","og_image":[{"width":1080,"height":1080,"url":"https:\/\/colomiersjudo.fr\/Boutique\/wp-content\/uploads\/2025\/02\/Claquettes-de-judo-FF-img001.jpg","type":"image\/jpeg"}],"twitter_card":"summary_large_image","twitter_misc":{"Dur\u00e9e de lecture estim\u00e9e":"1 minute"},"schema":{"@context":"https:\/\/schema.org","@graph":[{"@type":"WebPage","@id":"https:\/\/colomiersjudo.fr\/Boutique\/product\/claquettes-de-judo\/","url":"https:\/\/colomiersjudo.fr\/Boutique\/product\/claquettes-de-judo\/","name":"Claquettes de judo - Boutique Officielle de l&#039;US Colomiers Judo","isPartOf":{"@id":"https:\/\/colomiersjudo.fr\/Boutique\/#website"},"primaryImageOfPage":{"@id":"https:\/\/colomiersjudo.fr\/Boutique\/product\/claquettes-de-judo\/#primaryimage"},"image":{"@id":"https:\/\/colomiersjudo.fr\/Boutique\/product\/claquettes-de-judo\/#primaryimage"},"thumbnailUrl":"https:\/\/colomiersjudo.fr\/Boutique\/wp-content\/uploads\/2025\/02\/Claquettes-de-judo-FF-img001.jpg","datePublished":"2025-02-21T12:48:03+00:00","dateModified":"2025-11-30T14:32:25+00:00","description":"D\u00e9couvrez les claquettes de judo Fighting Films, sp\u00e9cialement con\u00e7ues pour les judokas et les amateurs d\u2019arts martiaux. Ces claquettes offrent un confort et une praticit\u00e9 in\u00e9gal\u00e9s pour vous accompagner dans vos d\u00e9placements des vestiaires au tatami.","breadcrumb":{"@id":"https:\/\/colomiersjudo.fr\/Boutique\/product\/claquettes-de-judo\/#breadcrumb"},"inLanguage":"fr-FR","potentialAction":[{"@type":"ReadAction","target":["https:\/\/colomiersjudo.fr\/Boutique\/product\/claquettes-de-judo\/"]}]},{"@type":"ImageObject","inLanguage":"fr-FR","@id":"https:\/\/colomiersjudo.fr\/Boutique\/product\/claquettes-de-judo\/#primaryimage","url":"https:\/\/colomiersjudo.fr\/Boutique\/wp-content\/uploads\/2025\/02\/Claquettes-de-judo-FF-img001.jpg","contentUrl":"https:\/\/colomiersjudo.fr\/Boutique\/wp-content\/uploads\/2025\/02\/Claquettes-de-judo-FF-img001.jpg","width":1080,"height":1080},{"@type":"BreadcrumbList","@id":"https:\/\/colomiersjudo.fr\/Boutique\/product\/claquettes-de-judo\/#breadcrumb","itemListElement":[{"@type":"ListItem","position":1,"name":"Home","item":"https:\/\/colomiersjudo.fr\/Boutique\/"},{"@type":"ListItem","position":2,"name":"Boutique","item":"https:\/\/colomiersjudo.fr\/Boutique\/"},{"@type":"ListItem","position":3,"name":"Claquettes de judo"}]},{"@type":"WebSite","@id":"https:\/\/colomiersjudo.fr\/Boutique\/#website","url":"https:\/\/colomiersjudo.fr\/Boutique\/","name":"Boutique Officielle de l&#039;US Colomiers Judo","description":"Vente de kimonos, v\u00eatements et accessoires \u00e0 l&#039;image du club de l&#039;US Colomiers Judo","publisher":{"@id":"https:\/\/colomiersjudo.fr\/Boutique\/#organization"},"potentialAction":[{"@type":"SearchAction","target":{"@type":"EntryPoint","urlTemplate":"https:\/\/colomiersjudo.fr\/Boutique\/?s={search_term_string}"},"query-input":{"@type":"PropertyValueSpecification","valueRequired":true,"valueName":"search_term_string"}}],"inLanguage":"fr-FR"},{"@type":"Organization","@id":"https:\/\/colomiersjudo.fr\/Boutique\/#organization","name":"Boutique Officielle de l&#039;US Colomiers Judo","url":"https:\/\/colomiersjudo.fr\/Boutique\/","logo":{"@type":"ImageObject","inLanguage":"fr-FR","@id":"https:\/\/colomiersjudo.fr\/Boutique\/#\/schema\/logo\/image\/","url":"https:\/\/colomiersjudo.fr\/Boutique\/wp-content\/uploads\/2025\/02\/cropped-logo-judo-colomiers-2.jpg","contentUrl":"https:\/\/colomiersjudo.fr\/Boutique\/wp-content\/uploads\/2025\/02\/cropped-logo-judo-colomiers-2.jpg","width":507,"height":507,"caption":"Boutique Officielle de l&#039;US Colomiers Judo"},"image":{"@id":"https:\/\/colomiersjudo.fr\/Boutique\/#\/schema\/logo\/image\/"}}]}},"_links":{"self":[{"href":"https:\/\/colomiersjudo.fr\/Boutique\/wp-json\/wp\/v2\/product\/116","targetHints":{"allow":["GET"]}}],"collection":[{"href":"https:\/\/colomiersjudo.fr\/Boutique\/wp-json\/wp\/v2\/product"}],"about":[{"href":"https:\/\/colomiersjudo.fr\/Boutique\/wp-json\/wp\/v2\/types\/product"}],"replies":[{"embeddable":true,"href":"https:\/\/colomiersjudo.fr\/Boutique\/wp-json\/wp\/v2\/comments?post=116"}],"wp:featuredmedia":[{"embeddable":true,"href":"https:\/\/colomiersjudo.fr\/Boutique\/wp-json\/wp\/v2\/media\/118"}],"wp:attachment":[{"href":"https:\/\/colomiersjudo.fr\/Boutique\/wp-json\/wp\/v2\/media?parent=116"}],"wp:term":[{"taxonomy":"product_brand","embeddable":true,"href":"https:\/\/colomiersjudo.fr\/Boutique\/wp-json\/wp\/v2\/product_brand?post=116"},{"taxonomy":"product_cat","embeddable":true,"href":"https:\/\/colomiersjudo.fr\/Boutique\/wp-json\/wp\/v2\/product_cat?post=116"},{"taxonomy":"product_tag","embeddable":true,"href":"https:\/\/colomiersjudo.fr\/Boutique\/wp-json\/wp\/v2\/product_tag?post=116"}],"curies":[{"name":"wp","href":"https:\/\/api.w.org\/{rel}","templated":true}]}}