{"id":264,"date":"2025-10-19T22:06:32","date_gmt":"2025-10-19T20:06:32","guid":{"rendered":"https:\/\/colomiersjudo.fr\/Boutique\/?post_type=product&#038;p=264"},"modified":"2025-11-30T15:31:49","modified_gmt":"2025-11-30T14:31:49","slug":"veste-a-capuche-marine","status":"publish","type":"product","link":"https:\/\/colomiersjudo.fr\/Boutique\/product\/veste-a-capuche-marine\/","title":{"rendered":"Veste \u00e0 capuche Marine"},"content":{"rendered":"<div>\n<h2 class=\"page-title\"><span class=\"base\" data-ui-id=\"page-title-wrapper\">Veste zip int\u00e9gral \u00e0 capuche<\/span><\/h2>\n<\/div>\n<ul>\n<li class=\"main-description\">Manches mont\u00e9es<\/li>\n<li>2 poches kangourou<\/li>\n<li>Capuche avec cordon de serrage ton sur ton<\/li>\n<li>Coupe droite<\/li>\n<li>Coup\u00e9 cousu<\/li>\n<li>Molleton gratt\u00e9<\/li>\n<li>50% coton &#8211; 50% polyester<\/li>\n<li>Bord c\u00f4te bas de v\u00eatement et bas de manches<\/li>\n<\/ul>\n","protected":false},"excerpt":{"rendered":"<p><strong>\ud83d\udd25\u200b PROMOTION SUR LE STOCK DISPONIBLE \ud83d\udd25\u200b<\/strong><\/p>\n<p><strong>Inclus la broderie du logo club Colomiers Judo<\/strong><\/p>\n<hr \/>\n<ul>\n<li><strong>Taille :<\/strong> 8 ans (Qt\u00e9: 0)- 10 ans (Qt\u00e9: 1) &#8211; 12 ans (Qt\u00e9: 9)- XS (Qt\u00e9: 0)- S\u00a0 (Qt\u00e9: 2)- M (Qt\u00e9: 1)- L (Qt\u00e9: 0) &#8211; XL (Qt\u00e9: 1) &#8211; XXL (Qt\u00e9: 0)<\/li>\n<li><strong>Tarif :<\/strong>enfant 26,00\u20ac &#8211; adulte 28,00\u20ac<\/li>\n<li id=\"K4041_toptex_arguments_vente_1\"><strong>Composition :<\/strong> 50% coton et 50% polyester.<\/li>\n<li id=\"K4041_toptex_arguments_vente_3\"><strong>Int\u00e9rieur doux<\/strong> en molleton.<\/li>\n<\/ul>\n","protected":false},"featured_media":265,"comment_status":"open","ping_status":"closed","template":"","meta":[],"product_brand":[],"product_cat":[15],"product_tag":[],"class_list":{"0":"post-264","1":"product","2":"type-product","3":"status-publish","4":"has-post-thumbnail","6":"product_cat-vetements","8":"first","9":"instock","10":"shipping-taxable","11":"product-type-external","12":"customify-col","13":"product-has-gallery"},"yoast_head":"<!-- This site is optimized with the Yoast SEO plugin v26.8 - https:\/\/yoast.com\/product\/yoast-seo-wordpress\/ -->\n<title>Veste \u00e0 capuche Marine - Boutique Officielle de l&#039;US Colomiers Judo<\/title>\n<meta name=\"description\" content=\"Sweat-shirt recycl\u00e9 \u00e0 capuche unisexe Molleton gratt\u00e9. Coupe straight. Coup\u00e9 cousu. Poche kangourou. Capuche doubl\u00e9e poly-coton jersey avec cordon de serrage plat. Bande de propret\u00e9 jersey ton sur ton int\u00e9rieur col.\" \/>\n<meta name=\"robots\" content=\"index, follow, max-snippet:-1, max-image-preview:large, max-video-preview:-1\" \/>\n<link rel=\"canonical\" href=\"https:\/\/colomiersjudo.fr\/Boutique\/product\/veste-a-capuche-marine\/\" \/>\n<meta property=\"og:locale\" content=\"fr_FR\" \/>\n<meta property=\"og:type\" content=\"article\" \/>\n<meta property=\"og:title\" content=\"Veste \u00e0 capuche Marine - Boutique Officielle de l&#039;US Colomiers Judo\" \/>\n<meta property=\"og:description\" content=\"Sweat-shirt recycl\u00e9 \u00e0 capuche unisexe Molleton gratt\u00e9. Coupe straight. Coup\u00e9 cousu. Poche kangourou. Capuche doubl\u00e9e poly-coton jersey avec cordon de serrage plat. Bande de propret\u00e9 jersey ton sur ton int\u00e9rieur col.\" \/>\n<meta property=\"og:url\" content=\"https:\/\/colomiersjudo.fr\/Boutique\/product\/veste-a-capuche-marine\/\" \/>\n<meta property=\"og:site_name\" content=\"Boutique Officielle de l&#039;US Colomiers Judo\" \/>\n<meta property=\"article:modified_time\" content=\"2025-11-30T14:31:49+00:00\" \/>\n<meta property=\"og:image\" content=\"https:\/\/colomiersjudo.fr\/Boutique\/wp-content\/uploads\/2025\/10\/Veste-a-Capuche-Marine-IMG001.jpg\" \/>\n\t<meta property=\"og:image:width\" content=\"1114\" \/>\n\t<meta property=\"og:image:height\" content=\"1114\" \/>\n\t<meta property=\"og:image:type\" content=\"image\/jpeg\" \/>\n<meta name=\"twitter:card\" content=\"summary_large_image\" \/>\n<meta name=\"twitter:label1\" content=\"Dur\u00e9e de lecture estim\u00e9e\" \/>\n\t<meta name=\"twitter:data1\" content=\"1 minute\" \/>\n<script type=\"application\/ld+json\" class=\"yoast-schema-graph\">{\"@context\":\"https:\/\/schema.org\",\"@graph\":[{\"@type\":\"WebPage\",\"@id\":\"https:\/\/colomiersjudo.fr\/Boutique\/product\/veste-a-capuche-marine\/\",\"url\":\"https:\/\/colomiersjudo.fr\/Boutique\/product\/veste-a-capuche-marine\/\",\"name\":\"Veste \u00e0 capuche Marine - Boutique Officielle de l&#039;US Colomiers Judo\",\"isPartOf\":{\"@id\":\"https:\/\/colomiersjudo.fr\/Boutique\/#website\"},\"primaryImageOfPage\":{\"@id\":\"https:\/\/colomiersjudo.fr\/Boutique\/product\/veste-a-capuche-marine\/#primaryimage\"},\"image\":{\"@id\":\"https:\/\/colomiersjudo.fr\/Boutique\/product\/veste-a-capuche-marine\/#primaryimage\"},\"thumbnailUrl\":\"https:\/\/colomiersjudo.fr\/Boutique\/wp-content\/uploads\/2025\/10\/Veste-a-Capuche-Marine-IMG001.jpg\",\"datePublished\":\"2025-10-19T20:06:32+00:00\",\"dateModified\":\"2025-11-30T14:31:49+00:00\",\"description\":\"Sweat-shirt recycl\u00e9 \u00e0 capuche unisexe Molleton gratt\u00e9. Coupe straight. Coup\u00e9 cousu. Poche kangourou. Capuche doubl\u00e9e poly-coton jersey avec cordon de serrage plat. Bande de propret\u00e9 jersey ton sur ton int\u00e9rieur col.\",\"breadcrumb\":{\"@id\":\"https:\/\/colomiersjudo.fr\/Boutique\/product\/veste-a-capuche-marine\/#breadcrumb\"},\"inLanguage\":\"fr-FR\",\"potentialAction\":[{\"@type\":\"ReadAction\",\"target\":[\"https:\/\/colomiersjudo.fr\/Boutique\/product\/veste-a-capuche-marine\/\"]}]},{\"@type\":\"ImageObject\",\"inLanguage\":\"fr-FR\",\"@id\":\"https:\/\/colomiersjudo.fr\/Boutique\/product\/veste-a-capuche-marine\/#primaryimage\",\"url\":\"https:\/\/colomiersjudo.fr\/Boutique\/wp-content\/uploads\/2025\/10\/Veste-a-Capuche-Marine-IMG001.jpg\",\"contentUrl\":\"https:\/\/colomiersjudo.fr\/Boutique\/wp-content\/uploads\/2025\/10\/Veste-a-Capuche-Marine-IMG001.jpg\",\"width\":1114,\"height\":1114},{\"@type\":\"BreadcrumbList\",\"@id\":\"https:\/\/colomiersjudo.fr\/Boutique\/product\/veste-a-capuche-marine\/#breadcrumb\",\"itemListElement\":[{\"@type\":\"ListItem\",\"position\":1,\"name\":\"Home\",\"item\":\"https:\/\/colomiersjudo.fr\/Boutique\/\"},{\"@type\":\"ListItem\",\"position\":2,\"name\":\"Boutique\",\"item\":\"https:\/\/colomiersjudo.fr\/Boutique\/\"},{\"@type\":\"ListItem\",\"position\":3,\"name\":\"Veste \u00e0 capuche Marine\"}]},{\"@type\":\"WebSite\",\"@id\":\"https:\/\/colomiersjudo.fr\/Boutique\/#website\",\"url\":\"https:\/\/colomiersjudo.fr\/Boutique\/\",\"name\":\"Boutique Officielle de l&#039;US Colomiers Judo\",\"description\":\"Vente de kimonos, v\u00eatements et accessoires \u00e0 l&#039;image du club de l&#039;US Colomiers Judo\",\"publisher\":{\"@id\":\"https:\/\/colomiersjudo.fr\/Boutique\/#organization\"},\"potentialAction\":[{\"@type\":\"SearchAction\",\"target\":{\"@type\":\"EntryPoint\",\"urlTemplate\":\"https:\/\/colomiersjudo.fr\/Boutique\/?s={search_term_string}\"},\"query-input\":{\"@type\":\"PropertyValueSpecification\",\"valueRequired\":true,\"valueName\":\"search_term_string\"}}],\"inLanguage\":\"fr-FR\"},{\"@type\":\"Organization\",\"@id\":\"https:\/\/colomiersjudo.fr\/Boutique\/#organization\",\"name\":\"Boutique Officielle de l&#039;US Colomiers Judo\",\"url\":\"https:\/\/colomiersjudo.fr\/Boutique\/\",\"logo\":{\"@type\":\"ImageObject\",\"inLanguage\":\"fr-FR\",\"@id\":\"https:\/\/colomiersjudo.fr\/Boutique\/#\/schema\/logo\/image\/\",\"url\":\"https:\/\/colomiersjudo.fr\/Boutique\/wp-content\/uploads\/2025\/02\/cropped-logo-judo-colomiers-2.jpg\",\"contentUrl\":\"https:\/\/colomiersjudo.fr\/Boutique\/wp-content\/uploads\/2025\/02\/cropped-logo-judo-colomiers-2.jpg\",\"width\":507,\"height\":507,\"caption\":\"Boutique Officielle de l&#039;US Colomiers Judo\"},\"image\":{\"@id\":\"https:\/\/colomiersjudo.fr\/Boutique\/#\/schema\/logo\/image\/\"}}]}<\/script>\n<!-- \/ Yoast SEO plugin. -->","yoast_head_json":{"title":"Veste \u00e0 capuche Marine - Boutique Officielle de l&#039;US Colomiers Judo","description":"Sweat-shirt recycl\u00e9 \u00e0 capuche unisexe Molleton gratt\u00e9. Coupe straight. Coup\u00e9 cousu. Poche kangourou. Capuche doubl\u00e9e poly-coton jersey avec cordon de serrage plat. Bande de propret\u00e9 jersey ton sur ton int\u00e9rieur col.","robots":{"index":"index","follow":"follow","max-snippet":"max-snippet:-1","max-image-preview":"max-image-preview:large","max-video-preview":"max-video-preview:-1"},"canonical":"https:\/\/colomiersjudo.fr\/Boutique\/product\/veste-a-capuche-marine\/","og_locale":"fr_FR","og_type":"article","og_title":"Veste \u00e0 capuche Marine - Boutique Officielle de l&#039;US Colomiers Judo","og_description":"Sweat-shirt recycl\u00e9 \u00e0 capuche unisexe Molleton gratt\u00e9. Coupe straight. Coup\u00e9 cousu. Poche kangourou. Capuche doubl\u00e9e poly-coton jersey avec cordon de serrage plat. Bande de propret\u00e9 jersey ton sur ton int\u00e9rieur col.","og_url":"https:\/\/colomiersjudo.fr\/Boutique\/product\/veste-a-capuche-marine\/","og_site_name":"Boutique Officielle de l&#039;US Colomiers Judo","article_modified_time":"2025-11-30T14:31:49+00:00","og_image":[{"width":1114,"height":1114,"url":"https:\/\/colomiersjudo.fr\/Boutique\/wp-content\/uploads\/2025\/10\/Veste-a-Capuche-Marine-IMG001.jpg","type":"image\/jpeg"}],"twitter_card":"summary_large_image","twitter_misc":{"Dur\u00e9e de lecture estim\u00e9e":"1 minute"},"schema":{"@context":"https:\/\/schema.org","@graph":[{"@type":"WebPage","@id":"https:\/\/colomiersjudo.fr\/Boutique\/product\/veste-a-capuche-marine\/","url":"https:\/\/colomiersjudo.fr\/Boutique\/product\/veste-a-capuche-marine\/","name":"Veste \u00e0 capuche Marine - Boutique Officielle de l&#039;US Colomiers Judo","isPartOf":{"@id":"https:\/\/colomiersjudo.fr\/Boutique\/#website"},"primaryImageOfPage":{"@id":"https:\/\/colomiersjudo.fr\/Boutique\/product\/veste-a-capuche-marine\/#primaryimage"},"image":{"@id":"https:\/\/colomiersjudo.fr\/Boutique\/product\/veste-a-capuche-marine\/#primaryimage"},"thumbnailUrl":"https:\/\/colomiersjudo.fr\/Boutique\/wp-content\/uploads\/2025\/10\/Veste-a-Capuche-Marine-IMG001.jpg","datePublished":"2025-10-19T20:06:32+00:00","dateModified":"2025-11-30T14:31:49+00:00","description":"Sweat-shirt recycl\u00e9 \u00e0 capuche unisexe Molleton gratt\u00e9. Coupe straight. Coup\u00e9 cousu. Poche kangourou. Capuche doubl\u00e9e poly-coton jersey avec cordon de serrage plat. Bande de propret\u00e9 jersey ton sur ton int\u00e9rieur col.","breadcrumb":{"@id":"https:\/\/colomiersjudo.fr\/Boutique\/product\/veste-a-capuche-marine\/#breadcrumb"},"inLanguage":"fr-FR","potentialAction":[{"@type":"ReadAction","target":["https:\/\/colomiersjudo.fr\/Boutique\/product\/veste-a-capuche-marine\/"]}]},{"@type":"ImageObject","inLanguage":"fr-FR","@id":"https:\/\/colomiersjudo.fr\/Boutique\/product\/veste-a-capuche-marine\/#primaryimage","url":"https:\/\/colomiersjudo.fr\/Boutique\/wp-content\/uploads\/2025\/10\/Veste-a-Capuche-Marine-IMG001.jpg","contentUrl":"https:\/\/colomiersjudo.fr\/Boutique\/wp-content\/uploads\/2025\/10\/Veste-a-Capuche-Marine-IMG001.jpg","width":1114,"height":1114},{"@type":"BreadcrumbList","@id":"https:\/\/colomiersjudo.fr\/Boutique\/product\/veste-a-capuche-marine\/#breadcrumb","itemListElement":[{"@type":"ListItem","position":1,"name":"Home","item":"https:\/\/colomiersjudo.fr\/Boutique\/"},{"@type":"ListItem","position":2,"name":"Boutique","item":"https:\/\/colomiersjudo.fr\/Boutique\/"},{"@type":"ListItem","position":3,"name":"Veste \u00e0 capuche Marine"}]},{"@type":"WebSite","@id":"https:\/\/colomiersjudo.fr\/Boutique\/#website","url":"https:\/\/colomiersjudo.fr\/Boutique\/","name":"Boutique Officielle de l&#039;US Colomiers Judo","description":"Vente de kimonos, v\u00eatements et accessoires \u00e0 l&#039;image du club de l&#039;US Colomiers Judo","publisher":{"@id":"https:\/\/colomiersjudo.fr\/Boutique\/#organization"},"potentialAction":[{"@type":"SearchAction","target":{"@type":"EntryPoint","urlTemplate":"https:\/\/colomiersjudo.fr\/Boutique\/?s={search_term_string}"},"query-input":{"@type":"PropertyValueSpecification","valueRequired":true,"valueName":"search_term_string"}}],"inLanguage":"fr-FR"},{"@type":"Organization","@id":"https:\/\/colomiersjudo.fr\/Boutique\/#organization","name":"Boutique Officielle de l&#039;US Colomiers Judo","url":"https:\/\/colomiersjudo.fr\/Boutique\/","logo":{"@type":"ImageObject","inLanguage":"fr-FR","@id":"https:\/\/colomiersjudo.fr\/Boutique\/#\/schema\/logo\/image\/","url":"https:\/\/colomiersjudo.fr\/Boutique\/wp-content\/uploads\/2025\/02\/cropped-logo-judo-colomiers-2.jpg","contentUrl":"https:\/\/colomiersjudo.fr\/Boutique\/wp-content\/uploads\/2025\/02\/cropped-logo-judo-colomiers-2.jpg","width":507,"height":507,"caption":"Boutique Officielle de l&#039;US Colomiers Judo"},"image":{"@id":"https:\/\/colomiersjudo.fr\/Boutique\/#\/schema\/logo\/image\/"}}]}},"_links":{"self":[{"href":"https:\/\/colomiersjudo.fr\/Boutique\/wp-json\/wp\/v2\/product\/264","targetHints":{"allow":["GET"]}}],"collection":[{"href":"https:\/\/colomiersjudo.fr\/Boutique\/wp-json\/wp\/v2\/product"}],"about":[{"href":"https:\/\/colomiersjudo.fr\/Boutique\/wp-json\/wp\/v2\/types\/product"}],"replies":[{"embeddable":true,"href":"https:\/\/colomiersjudo.fr\/Boutique\/wp-json\/wp\/v2\/comments?post=264"}],"wp:featuredmedia":[{"embeddable":true,"href":"https:\/\/colomiersjudo.fr\/Boutique\/wp-json\/wp\/v2\/media\/265"}],"wp:attachment":[{"href":"https:\/\/colomiersjudo.fr\/Boutique\/wp-json\/wp\/v2\/media?parent=264"}],"wp:term":[{"taxonomy":"product_brand","embeddable":true,"href":"https:\/\/colomiersjudo.fr\/Boutique\/wp-json\/wp\/v2\/product_brand?post=264"},{"taxonomy":"product_cat","embeddable":true,"href":"https:\/\/colomiersjudo.fr\/Boutique\/wp-json\/wp\/v2\/product_cat?post=264"},{"taxonomy":"product_tag","embeddable":true,"href":"https:\/\/colomiersjudo.fr\/Boutique\/wp-json\/wp\/v2\/product_tag?post=264"}],"curies":[{"name":"wp","href":"https:\/\/api.w.org\/{rel}","templated":true}]}}