{"id":269,"date":"2025-10-19T22:31:20","date_gmt":"2025-10-19T20:31:20","guid":{"rendered":"https:\/\/colomiersjudo.fr\/Boutique\/?post_type=product&#038;p=269"},"modified":"2025-10-19T22:49:39","modified_gmt":"2025-10-19T20:49:39","slug":"mon-album-judo","status":"publish","type":"product","link":"https:\/\/colomiersjudo.fr\/Boutique\/product\/mon-album-judo\/","title":{"rendered":"Mon Album Judo"},"content":{"rendered":"<div id=\"kurato_extension_modal\">Plongez dans l\u2019univers du judo d\u00e8s le plus jeune \u00e2ge avec mon album judo ! Collectionnez et collez des autocollants exclusifs repr\u00e9sentant les techniques \u00e0 apprendre pour chaque ceinture, de la ceinture blanche \u00e0 la ceinture bleue.<\/div>\n<div>Compl\u00e9tez votre album en achetant des stickers ou en les \u00e9changeant avec vos amis et vivez l\u2019histoire du judo \u00e0 travers des images uniques.<\/div>\n<div>Choisissez soit\u00a0<strong>l\u2019album seul<\/strong>\u00a0ou le\u00a0<strong>starter pack<\/strong>\u00a0contenant l\u2019album + 3 paquets de stickers (8 stickers par paquet) !<\/div>\n<ul>\n<li>24 pages<\/li>\n<li>64 autocollants \u00e0 collectionner dont 5 holographiques !<\/li>\n<li>Une br\u00e8ve histoire du judo<\/li>\n<li>Un glossaire des principaux termes \u00e0 connaitre<\/li>\n<li>Des techniques de la ceinture jaune \u00e0 bleue !<\/li>\n<\/ul>\n","protected":false},"excerpt":{"rendered":"<p><strong>D\u00e9couvrez\u00a0mon album judo, un incontournable pour tous les jeunes judokas ! \u00c0 la fois ludique, facile \u00e0 comprendre et instructif, mon album de judo accompagnera votre enfant dans sa d\u00e9couverte du judo !<\/strong><\/p>\n<hr \/>\n<ul>\n<li>Mon Album Judo (livret seul) : 10 \u20ac<\/li>\n<li>Pack de 8 stickers : 2,50 \u20ac<\/li>\n<li>STARTER PACK : Mon Album Judo + 3 Packs de 8 stickers : 16 \u20ac<\/li>\n<li>FULL PACK : Mon Album Judo + 8 Packs de 8 stickers : 25 \u20ac<\/li>\n<\/ul>\n","protected":false},"featured_media":274,"comment_status":"open","ping_status":"closed","template":"","meta":[],"product_brand":[],"product_cat":[20],"product_tag":[],"class_list":{"0":"post-269","1":"product","2":"type-product","3":"status-publish","4":"has-post-thumbnail","6":"product_cat-accessoires","8":"first","9":"instock","10":"shipping-taxable","11":"product-type-external","12":"customify-col","13":"product-has-gallery"},"yoast_head":"<!-- This site is optimized with the Yoast SEO plugin v26.8 - https:\/\/yoast.com\/product\/yoast-seo-wordpress\/ -->\n<title>Mon Album Judo - Boutique Officielle de l&#039;US Colomiers Judo<\/title>\n<meta name=\"description\" content=\"D\u00e9couvrez les claquettes de judo Fighting Films, sp\u00e9cialement con\u00e7ues pour les judokas et les amateurs d\u2019arts martiaux. Ces claquettes offrent un confort et une praticit\u00e9 in\u00e9gal\u00e9s pour vous accompagner dans vos d\u00e9placements des vestiaires au tatami.\" \/>\n<meta name=\"robots\" content=\"index, follow, max-snippet:-1, max-image-preview:large, max-video-preview:-1\" \/>\n<link rel=\"canonical\" href=\"https:\/\/colomiersjudo.fr\/Boutique\/product\/mon-album-judo\/\" \/>\n<meta property=\"og:locale\" content=\"fr_FR\" \/>\n<meta property=\"og:type\" content=\"article\" \/>\n<meta property=\"og:title\" content=\"Mon Album Judo - Boutique Officielle de l&#039;US Colomiers Judo\" \/>\n<meta property=\"og:description\" content=\"D\u00e9couvrez les claquettes de judo Fighting Films, sp\u00e9cialement con\u00e7ues pour les judokas et les amateurs d\u2019arts martiaux. Ces claquettes offrent un confort et une praticit\u00e9 in\u00e9gal\u00e9s pour vous accompagner dans vos d\u00e9placements des vestiaires au tatami.\" \/>\n<meta property=\"og:url\" content=\"https:\/\/colomiersjudo.fr\/Boutique\/product\/mon-album-judo\/\" \/>\n<meta property=\"og:site_name\" content=\"Boutique Officielle de l&#039;US Colomiers Judo\" \/>\n<meta property=\"article:modified_time\" content=\"2025-10-19T20:49:39+00:00\" \/>\n<meta property=\"og:image\" content=\"https:\/\/colomiersjudo.fr\/Boutique\/wp-content\/uploads\/2025\/10\/Mon-Album-Judo-IMG002.jpg\" \/>\n\t<meta property=\"og:image:width\" content=\"1200\" \/>\n\t<meta property=\"og:image:height\" content=\"1200\" \/>\n\t<meta property=\"og:image:type\" content=\"image\/jpeg\" \/>\n<meta name=\"twitter:card\" content=\"summary_large_image\" \/>\n<meta name=\"twitter:label1\" content=\"Dur\u00e9e de lecture estim\u00e9e\" \/>\n\t<meta name=\"twitter:data1\" content=\"1 minute\" \/>\n<script type=\"application\/ld+json\" class=\"yoast-schema-graph\">{\"@context\":\"https:\/\/schema.org\",\"@graph\":[{\"@type\":\"WebPage\",\"@id\":\"https:\/\/colomiersjudo.fr\/Boutique\/product\/mon-album-judo\/\",\"url\":\"https:\/\/colomiersjudo.fr\/Boutique\/product\/mon-album-judo\/\",\"name\":\"Mon Album Judo - Boutique Officielle de l&#039;US Colomiers Judo\",\"isPartOf\":{\"@id\":\"https:\/\/colomiersjudo.fr\/Boutique\/#website\"},\"primaryImageOfPage\":{\"@id\":\"https:\/\/colomiersjudo.fr\/Boutique\/product\/mon-album-judo\/#primaryimage\"},\"image\":{\"@id\":\"https:\/\/colomiersjudo.fr\/Boutique\/product\/mon-album-judo\/#primaryimage\"},\"thumbnailUrl\":\"https:\/\/colomiersjudo.fr\/Boutique\/wp-content\/uploads\/2025\/10\/Mon-Album-Judo-IMG002.jpg\",\"datePublished\":\"2025-10-19T20:31:20+00:00\",\"dateModified\":\"2025-10-19T20:49:39+00:00\",\"description\":\"D\u00e9couvrez les claquettes de judo Fighting Films, sp\u00e9cialement con\u00e7ues pour les judokas et les amateurs d\u2019arts martiaux. Ces claquettes offrent un confort et une praticit\u00e9 in\u00e9gal\u00e9s pour vous accompagner dans vos d\u00e9placements des vestiaires au tatami.\",\"breadcrumb\":{\"@id\":\"https:\/\/colomiersjudo.fr\/Boutique\/product\/mon-album-judo\/#breadcrumb\"},\"inLanguage\":\"fr-FR\",\"potentialAction\":[{\"@type\":\"ReadAction\",\"target\":[\"https:\/\/colomiersjudo.fr\/Boutique\/product\/mon-album-judo\/\"]}]},{\"@type\":\"ImageObject\",\"inLanguage\":\"fr-FR\",\"@id\":\"https:\/\/colomiersjudo.fr\/Boutique\/product\/mon-album-judo\/#primaryimage\",\"url\":\"https:\/\/colomiersjudo.fr\/Boutique\/wp-content\/uploads\/2025\/10\/Mon-Album-Judo-IMG002.jpg\",\"contentUrl\":\"https:\/\/colomiersjudo.fr\/Boutique\/wp-content\/uploads\/2025\/10\/Mon-Album-Judo-IMG002.jpg\",\"width\":1200,\"height\":1200},{\"@type\":\"BreadcrumbList\",\"@id\":\"https:\/\/colomiersjudo.fr\/Boutique\/product\/mon-album-judo\/#breadcrumb\",\"itemListElement\":[{\"@type\":\"ListItem\",\"position\":1,\"name\":\"Home\",\"item\":\"https:\/\/colomiersjudo.fr\/Boutique\/\"},{\"@type\":\"ListItem\",\"position\":2,\"name\":\"Boutique\",\"item\":\"https:\/\/colomiersjudo.fr\/Boutique\/\"},{\"@type\":\"ListItem\",\"position\":3,\"name\":\"Mon Album Judo\"}]},{\"@type\":\"WebSite\",\"@id\":\"https:\/\/colomiersjudo.fr\/Boutique\/#website\",\"url\":\"https:\/\/colomiersjudo.fr\/Boutique\/\",\"name\":\"Boutique Officielle de l&#039;US Colomiers Judo\",\"description\":\"Vente de kimonos, v\u00eatements et accessoires \u00e0 l&#039;image du club de l&#039;US Colomiers Judo\",\"publisher\":{\"@id\":\"https:\/\/colomiersjudo.fr\/Boutique\/#organization\"},\"potentialAction\":[{\"@type\":\"SearchAction\",\"target\":{\"@type\":\"EntryPoint\",\"urlTemplate\":\"https:\/\/colomiersjudo.fr\/Boutique\/?s={search_term_string}\"},\"query-input\":{\"@type\":\"PropertyValueSpecification\",\"valueRequired\":true,\"valueName\":\"search_term_string\"}}],\"inLanguage\":\"fr-FR\"},{\"@type\":\"Organization\",\"@id\":\"https:\/\/colomiersjudo.fr\/Boutique\/#organization\",\"name\":\"Boutique Officielle de l&#039;US Colomiers Judo\",\"url\":\"https:\/\/colomiersjudo.fr\/Boutique\/\",\"logo\":{\"@type\":\"ImageObject\",\"inLanguage\":\"fr-FR\",\"@id\":\"https:\/\/colomiersjudo.fr\/Boutique\/#\/schema\/logo\/image\/\",\"url\":\"https:\/\/colomiersjudo.fr\/Boutique\/wp-content\/uploads\/2025\/02\/cropped-logo-judo-colomiers-2.jpg\",\"contentUrl\":\"https:\/\/colomiersjudo.fr\/Boutique\/wp-content\/uploads\/2025\/02\/cropped-logo-judo-colomiers-2.jpg\",\"width\":507,\"height\":507,\"caption\":\"Boutique Officielle de l&#039;US Colomiers Judo\"},\"image\":{\"@id\":\"https:\/\/colomiersjudo.fr\/Boutique\/#\/schema\/logo\/image\/\"}}]}<\/script>\n<!-- \/ Yoast SEO plugin. -->","yoast_head_json":{"title":"Mon Album Judo - Boutique Officielle de l&#039;US Colomiers Judo","description":"D\u00e9couvrez les claquettes de judo Fighting Films, sp\u00e9cialement con\u00e7ues pour les judokas et les amateurs d\u2019arts martiaux. Ces claquettes offrent un confort et une praticit\u00e9 in\u00e9gal\u00e9s pour vous accompagner dans vos d\u00e9placements des vestiaires au tatami.","robots":{"index":"index","follow":"follow","max-snippet":"max-snippet:-1","max-image-preview":"max-image-preview:large","max-video-preview":"max-video-preview:-1"},"canonical":"https:\/\/colomiersjudo.fr\/Boutique\/product\/mon-album-judo\/","og_locale":"fr_FR","og_type":"article","og_title":"Mon Album Judo - Boutique Officielle de l&#039;US Colomiers Judo","og_description":"D\u00e9couvrez les claquettes de judo Fighting Films, sp\u00e9cialement con\u00e7ues pour les judokas et les amateurs d\u2019arts martiaux. Ces claquettes offrent un confort et une praticit\u00e9 in\u00e9gal\u00e9s pour vous accompagner dans vos d\u00e9placements des vestiaires au tatami.","og_url":"https:\/\/colomiersjudo.fr\/Boutique\/product\/mon-album-judo\/","og_site_name":"Boutique Officielle de l&#039;US Colomiers Judo","article_modified_time":"2025-10-19T20:49:39+00:00","og_image":[{"width":1200,"height":1200,"url":"https:\/\/colomiersjudo.fr\/Boutique\/wp-content\/uploads\/2025\/10\/Mon-Album-Judo-IMG002.jpg","type":"image\/jpeg"}],"twitter_card":"summary_large_image","twitter_misc":{"Dur\u00e9e de lecture estim\u00e9e":"1 minute"},"schema":{"@context":"https:\/\/schema.org","@graph":[{"@type":"WebPage","@id":"https:\/\/colomiersjudo.fr\/Boutique\/product\/mon-album-judo\/","url":"https:\/\/colomiersjudo.fr\/Boutique\/product\/mon-album-judo\/","name":"Mon Album Judo - Boutique Officielle de l&#039;US Colomiers Judo","isPartOf":{"@id":"https:\/\/colomiersjudo.fr\/Boutique\/#website"},"primaryImageOfPage":{"@id":"https:\/\/colomiersjudo.fr\/Boutique\/product\/mon-album-judo\/#primaryimage"},"image":{"@id":"https:\/\/colomiersjudo.fr\/Boutique\/product\/mon-album-judo\/#primaryimage"},"thumbnailUrl":"https:\/\/colomiersjudo.fr\/Boutique\/wp-content\/uploads\/2025\/10\/Mon-Album-Judo-IMG002.jpg","datePublished":"2025-10-19T20:31:20+00:00","dateModified":"2025-10-19T20:49:39+00:00","description":"D\u00e9couvrez les claquettes de judo Fighting Films, sp\u00e9cialement con\u00e7ues pour les judokas et les amateurs d\u2019arts martiaux. Ces claquettes offrent un confort et une praticit\u00e9 in\u00e9gal\u00e9s pour vous accompagner dans vos d\u00e9placements des vestiaires au tatami.","breadcrumb":{"@id":"https:\/\/colomiersjudo.fr\/Boutique\/product\/mon-album-judo\/#breadcrumb"},"inLanguage":"fr-FR","potentialAction":[{"@type":"ReadAction","target":["https:\/\/colomiersjudo.fr\/Boutique\/product\/mon-album-judo\/"]}]},{"@type":"ImageObject","inLanguage":"fr-FR","@id":"https:\/\/colomiersjudo.fr\/Boutique\/product\/mon-album-judo\/#primaryimage","url":"https:\/\/colomiersjudo.fr\/Boutique\/wp-content\/uploads\/2025\/10\/Mon-Album-Judo-IMG002.jpg","contentUrl":"https:\/\/colomiersjudo.fr\/Boutique\/wp-content\/uploads\/2025\/10\/Mon-Album-Judo-IMG002.jpg","width":1200,"height":1200},{"@type":"BreadcrumbList","@id":"https:\/\/colomiersjudo.fr\/Boutique\/product\/mon-album-judo\/#breadcrumb","itemListElement":[{"@type":"ListItem","position":1,"name":"Home","item":"https:\/\/colomiersjudo.fr\/Boutique\/"},{"@type":"ListItem","position":2,"name":"Boutique","item":"https:\/\/colomiersjudo.fr\/Boutique\/"},{"@type":"ListItem","position":3,"name":"Mon Album Judo"}]},{"@type":"WebSite","@id":"https:\/\/colomiersjudo.fr\/Boutique\/#website","url":"https:\/\/colomiersjudo.fr\/Boutique\/","name":"Boutique Officielle de l&#039;US Colomiers Judo","description":"Vente de kimonos, v\u00eatements et accessoires \u00e0 l&#039;image du club de l&#039;US Colomiers Judo","publisher":{"@id":"https:\/\/colomiersjudo.fr\/Boutique\/#organization"},"potentialAction":[{"@type":"SearchAction","target":{"@type":"EntryPoint","urlTemplate":"https:\/\/colomiersjudo.fr\/Boutique\/?s={search_term_string}"},"query-input":{"@type":"PropertyValueSpecification","valueRequired":true,"valueName":"search_term_string"}}],"inLanguage":"fr-FR"},{"@type":"Organization","@id":"https:\/\/colomiersjudo.fr\/Boutique\/#organization","name":"Boutique Officielle de l&#039;US Colomiers Judo","url":"https:\/\/colomiersjudo.fr\/Boutique\/","logo":{"@type":"ImageObject","inLanguage":"fr-FR","@id":"https:\/\/colomiersjudo.fr\/Boutique\/#\/schema\/logo\/image\/","url":"https:\/\/colomiersjudo.fr\/Boutique\/wp-content\/uploads\/2025\/02\/cropped-logo-judo-colomiers-2.jpg","contentUrl":"https:\/\/colomiersjudo.fr\/Boutique\/wp-content\/uploads\/2025\/02\/cropped-logo-judo-colomiers-2.jpg","width":507,"height":507,"caption":"Boutique Officielle de l&#039;US Colomiers Judo"},"image":{"@id":"https:\/\/colomiersjudo.fr\/Boutique\/#\/schema\/logo\/image\/"}}]}},"_links":{"self":[{"href":"https:\/\/colomiersjudo.fr\/Boutique\/wp-json\/wp\/v2\/product\/269","targetHints":{"allow":["GET"]}}],"collection":[{"href":"https:\/\/colomiersjudo.fr\/Boutique\/wp-json\/wp\/v2\/product"}],"about":[{"href":"https:\/\/colomiersjudo.fr\/Boutique\/wp-json\/wp\/v2\/types\/product"}],"replies":[{"embeddable":true,"href":"https:\/\/colomiersjudo.fr\/Boutique\/wp-json\/wp\/v2\/comments?post=269"}],"wp:featuredmedia":[{"embeddable":true,"href":"https:\/\/colomiersjudo.fr\/Boutique\/wp-json\/wp\/v2\/media\/274"}],"wp:attachment":[{"href":"https:\/\/colomiersjudo.fr\/Boutique\/wp-json\/wp\/v2\/media?parent=269"}],"wp:term":[{"taxonomy":"product_brand","embeddable":true,"href":"https:\/\/colomiersjudo.fr\/Boutique\/wp-json\/wp\/v2\/product_brand?post=269"},{"taxonomy":"product_cat","embeddable":true,"href":"https:\/\/colomiersjudo.fr\/Boutique\/wp-json\/wp\/v2\/product_cat?post=269"},{"taxonomy":"product_tag","embeddable":true,"href":"https:\/\/colomiersjudo.fr\/Boutique\/wp-json\/wp\/v2\/product_tag?post=269"}],"curies":[{"name":"wp","href":"https:\/\/api.w.org\/{rel}","templated":true}]}}