{"id":61,"date":"2025-02-19T15:14:49","date_gmt":"2025-02-19T14:14:49","guid":{"rendered":"https:\/\/colomiersjudo.fr\/Boutique\/?post_type=product&#038;p=61"},"modified":"2025-11-30T15:34:17","modified_gmt":"2025-11-30T14:34:17","slug":"kimono-hajime","status":"publish","type":"product","link":"https:\/\/colomiersjudo.fr\/Boutique\/product\/kimono-hajime\/","title":{"rendered":"Kimono Hajime"},"content":{"rendered":"<p>Le Kimono enfant Hajime de marque Fighting Films est un vrai kimono pour d\u00e9buter le judo. Agr\u00e9able \u00e0 porter pour les enfants, l\u00e9ger et robuste \u00e0 la fois, le kimono Hajime est \u00e9galement livr\u00e9 avec une ceinture blanche. Ainsi, c\u2019est le judogi id\u00e9al pour commencer l\u2019apprentissage du judo avec les meilleurs atouts.<\/p>\n","protected":false},"excerpt":{"rendered":"<p><strong>Inclus la broderie du logo club Colomiers Judo sur la veste du kimono<\/strong><\/p>\n<hr \/>\n<ul>\n<li><strong>Taille :<\/strong> 130 cm &#8211; 140 cm &#8211; 150 cm &#8211; 160 cm<\/li>\n<li><strong>Composition : <\/strong>55 % coton,\u00a045 % polyester<\/li>\n<li><strong>Grammage : <\/strong>320 g\/m\u00b2<\/li>\n<li><strong>Le plus :<\/strong> livr\u00e9 avec une ceinture blanche<\/li>\n<\/ul>\n","protected":false},"featured_media":62,"comment_status":"open","ping_status":"closed","template":"","meta":[],"product_brand":[],"product_cat":[16],"product_tag":[],"class_list":{"0":"post-61","1":"product","2":"type-product","3":"status-publish","4":"has-post-thumbnail","6":"product_cat-kimono","8":"first","9":"instock","10":"shipping-taxable","11":"product-type-external","12":"customify-col","13":"product-has-gallery"},"yoast_head":"<!-- This site is optimized with the Yoast SEO plugin v26.8 - https:\/\/yoast.com\/product\/yoast-seo-wordpress\/ -->\n<title>Kimono Hajime - Boutique Officielle de l&#039;US Colomiers Judo<\/title>\n<meta name=\"description\" content=\"Le Kimono enfant Hajime de marque Fighting Films est un vrai kimono pour d\u00e9buter le judo. Agr\u00e9able \u00e0 porter pour les enfants, l\u00e9ger et robuste \u00e0 la fois, le kimono Hajime est \u00e9galement livr\u00e9 avec une ceinture blanche.\" \/>\n<meta name=\"robots\" content=\"index, follow, max-snippet:-1, max-image-preview:large, max-video-preview:-1\" \/>\n<link rel=\"canonical\" href=\"https:\/\/colomiersjudo.fr\/Boutique\/product\/kimono-hajime\/\" \/>\n<meta property=\"og:locale\" content=\"fr_FR\" \/>\n<meta property=\"og:type\" content=\"article\" \/>\n<meta property=\"og:title\" content=\"Kimono Hajime - Boutique Officielle de l&#039;US Colomiers Judo\" \/>\n<meta property=\"og:description\" content=\"Le Kimono enfant Hajime de marque Fighting Films est un vrai kimono pour d\u00e9buter le judo. Agr\u00e9able \u00e0 porter pour les enfants, l\u00e9ger et robuste \u00e0 la fois, le kimono Hajime est \u00e9galement livr\u00e9 avec une ceinture blanche.\" \/>\n<meta property=\"og:url\" content=\"https:\/\/colomiersjudo.fr\/Boutique\/product\/kimono-hajime\/\" \/>\n<meta property=\"og:site_name\" content=\"Boutique Officielle de l&#039;US Colomiers Judo\" \/>\n<meta property=\"article:modified_time\" content=\"2025-11-30T14:34:17+00:00\" \/>\n<meta property=\"og:image\" content=\"https:\/\/colomiersjudo.fr\/Boutique\/wp-content\/uploads\/2025\/02\/Kimono-Fighting-Films-Enfant-V1_LOGO.jpg\" \/>\n\t<meta property=\"og:image:width\" content=\"1500\" \/>\n\t<meta property=\"og:image:height\" content=\"1500\" \/>\n\t<meta property=\"og:image:type\" content=\"image\/jpeg\" \/>\n<meta name=\"twitter:card\" content=\"summary_large_image\" \/>\n<meta name=\"twitter:label1\" content=\"Dur\u00e9e de lecture estim\u00e9e\" \/>\n\t<meta name=\"twitter:data1\" content=\"1 minute\" \/>\n<script type=\"application\/ld+json\" class=\"yoast-schema-graph\">{\"@context\":\"https:\/\/schema.org\",\"@graph\":[{\"@type\":\"WebPage\",\"@id\":\"https:\/\/colomiersjudo.fr\/Boutique\/product\/kimono-hajime\/\",\"url\":\"https:\/\/colomiersjudo.fr\/Boutique\/product\/kimono-hajime\/\",\"name\":\"Kimono Hajime - Boutique Officielle de l&#039;US Colomiers Judo\",\"isPartOf\":{\"@id\":\"https:\/\/colomiersjudo.fr\/Boutique\/#website\"},\"primaryImageOfPage\":{\"@id\":\"https:\/\/colomiersjudo.fr\/Boutique\/product\/kimono-hajime\/#primaryimage\"},\"image\":{\"@id\":\"https:\/\/colomiersjudo.fr\/Boutique\/product\/kimono-hajime\/#primaryimage\"},\"thumbnailUrl\":\"https:\/\/colomiersjudo.fr\/Boutique\/wp-content\/uploads\/2025\/02\/Kimono-Fighting-Films-Enfant-V1_LOGO.jpg\",\"datePublished\":\"2025-02-19T14:14:49+00:00\",\"dateModified\":\"2025-11-30T14:34:17+00:00\",\"description\":\"Le Kimono enfant Hajime de marque Fighting Films est un vrai kimono pour d\u00e9buter le judo. Agr\u00e9able \u00e0 porter pour les enfants, l\u00e9ger et robuste \u00e0 la fois, le kimono Hajime est \u00e9galement livr\u00e9 avec une ceinture blanche.\",\"breadcrumb\":{\"@id\":\"https:\/\/colomiersjudo.fr\/Boutique\/product\/kimono-hajime\/#breadcrumb\"},\"inLanguage\":\"fr-FR\",\"potentialAction\":[{\"@type\":\"ReadAction\",\"target\":[\"https:\/\/colomiersjudo.fr\/Boutique\/product\/kimono-hajime\/\"]}]},{\"@type\":\"ImageObject\",\"inLanguage\":\"fr-FR\",\"@id\":\"https:\/\/colomiersjudo.fr\/Boutique\/product\/kimono-hajime\/#primaryimage\",\"url\":\"https:\/\/colomiersjudo.fr\/Boutique\/wp-content\/uploads\/2025\/02\/Kimono-Fighting-Films-Enfant-V1_LOGO.jpg\",\"contentUrl\":\"https:\/\/colomiersjudo.fr\/Boutique\/wp-content\/uploads\/2025\/02\/Kimono-Fighting-Films-Enfant-V1_LOGO.jpg\",\"width\":1500,\"height\":1500},{\"@type\":\"BreadcrumbList\",\"@id\":\"https:\/\/colomiersjudo.fr\/Boutique\/product\/kimono-hajime\/#breadcrumb\",\"itemListElement\":[{\"@type\":\"ListItem\",\"position\":1,\"name\":\"Home\",\"item\":\"https:\/\/colomiersjudo.fr\/Boutique\/\"},{\"@type\":\"ListItem\",\"position\":2,\"name\":\"Boutique\",\"item\":\"https:\/\/colomiersjudo.fr\/Boutique\/\"},{\"@type\":\"ListItem\",\"position\":3,\"name\":\"Kimono Hajime\"}]},{\"@type\":\"WebSite\",\"@id\":\"https:\/\/colomiersjudo.fr\/Boutique\/#website\",\"url\":\"https:\/\/colomiersjudo.fr\/Boutique\/\",\"name\":\"Boutique Officielle de l&#039;US Colomiers Judo\",\"description\":\"Vente de kimonos, v\u00eatements et accessoires \u00e0 l&#039;image du club de l&#039;US Colomiers Judo\",\"publisher\":{\"@id\":\"https:\/\/colomiersjudo.fr\/Boutique\/#organization\"},\"potentialAction\":[{\"@type\":\"SearchAction\",\"target\":{\"@type\":\"EntryPoint\",\"urlTemplate\":\"https:\/\/colomiersjudo.fr\/Boutique\/?s={search_term_string}\"},\"query-input\":{\"@type\":\"PropertyValueSpecification\",\"valueRequired\":true,\"valueName\":\"search_term_string\"}}],\"inLanguage\":\"fr-FR\"},{\"@type\":\"Organization\",\"@id\":\"https:\/\/colomiersjudo.fr\/Boutique\/#organization\",\"name\":\"Boutique Officielle de l&#039;US Colomiers Judo\",\"url\":\"https:\/\/colomiersjudo.fr\/Boutique\/\",\"logo\":{\"@type\":\"ImageObject\",\"inLanguage\":\"fr-FR\",\"@id\":\"https:\/\/colomiersjudo.fr\/Boutique\/#\/schema\/logo\/image\/\",\"url\":\"https:\/\/colomiersjudo.fr\/Boutique\/wp-content\/uploads\/2025\/02\/cropped-logo-judo-colomiers-2.jpg\",\"contentUrl\":\"https:\/\/colomiersjudo.fr\/Boutique\/wp-content\/uploads\/2025\/02\/cropped-logo-judo-colomiers-2.jpg\",\"width\":507,\"height\":507,\"caption\":\"Boutique Officielle de l&#039;US Colomiers Judo\"},\"image\":{\"@id\":\"https:\/\/colomiersjudo.fr\/Boutique\/#\/schema\/logo\/image\/\"}}]}<\/script>\n<!-- \/ Yoast SEO plugin. -->","yoast_head_json":{"title":"Kimono Hajime - Boutique Officielle de l&#039;US Colomiers Judo","description":"Le Kimono enfant Hajime de marque Fighting Films est un vrai kimono pour d\u00e9buter le judo. Agr\u00e9able \u00e0 porter pour les enfants, l\u00e9ger et robuste \u00e0 la fois, le kimono Hajime est \u00e9galement livr\u00e9 avec une ceinture blanche.","robots":{"index":"index","follow":"follow","max-snippet":"max-snippet:-1","max-image-preview":"max-image-preview:large","max-video-preview":"max-video-preview:-1"},"canonical":"https:\/\/colomiersjudo.fr\/Boutique\/product\/kimono-hajime\/","og_locale":"fr_FR","og_type":"article","og_title":"Kimono Hajime - Boutique Officielle de l&#039;US Colomiers Judo","og_description":"Le Kimono enfant Hajime de marque Fighting Films est un vrai kimono pour d\u00e9buter le judo. Agr\u00e9able \u00e0 porter pour les enfants, l\u00e9ger et robuste \u00e0 la fois, le kimono Hajime est \u00e9galement livr\u00e9 avec une ceinture blanche.","og_url":"https:\/\/colomiersjudo.fr\/Boutique\/product\/kimono-hajime\/","og_site_name":"Boutique Officielle de l&#039;US Colomiers Judo","article_modified_time":"2025-11-30T14:34:17+00:00","og_image":[{"width":1500,"height":1500,"url":"https:\/\/colomiersjudo.fr\/Boutique\/wp-content\/uploads\/2025\/02\/Kimono-Fighting-Films-Enfant-V1_LOGO.jpg","type":"image\/jpeg"}],"twitter_card":"summary_large_image","twitter_misc":{"Dur\u00e9e de lecture estim\u00e9e":"1 minute"},"schema":{"@context":"https:\/\/schema.org","@graph":[{"@type":"WebPage","@id":"https:\/\/colomiersjudo.fr\/Boutique\/product\/kimono-hajime\/","url":"https:\/\/colomiersjudo.fr\/Boutique\/product\/kimono-hajime\/","name":"Kimono Hajime - Boutique Officielle de l&#039;US Colomiers Judo","isPartOf":{"@id":"https:\/\/colomiersjudo.fr\/Boutique\/#website"},"primaryImageOfPage":{"@id":"https:\/\/colomiersjudo.fr\/Boutique\/product\/kimono-hajime\/#primaryimage"},"image":{"@id":"https:\/\/colomiersjudo.fr\/Boutique\/product\/kimono-hajime\/#primaryimage"},"thumbnailUrl":"https:\/\/colomiersjudo.fr\/Boutique\/wp-content\/uploads\/2025\/02\/Kimono-Fighting-Films-Enfant-V1_LOGO.jpg","datePublished":"2025-02-19T14:14:49+00:00","dateModified":"2025-11-30T14:34:17+00:00","description":"Le Kimono enfant Hajime de marque Fighting Films est un vrai kimono pour d\u00e9buter le judo. Agr\u00e9able \u00e0 porter pour les enfants, l\u00e9ger et robuste \u00e0 la fois, le kimono Hajime est \u00e9galement livr\u00e9 avec une ceinture blanche.","breadcrumb":{"@id":"https:\/\/colomiersjudo.fr\/Boutique\/product\/kimono-hajime\/#breadcrumb"},"inLanguage":"fr-FR","potentialAction":[{"@type":"ReadAction","target":["https:\/\/colomiersjudo.fr\/Boutique\/product\/kimono-hajime\/"]}]},{"@type":"ImageObject","inLanguage":"fr-FR","@id":"https:\/\/colomiersjudo.fr\/Boutique\/product\/kimono-hajime\/#primaryimage","url":"https:\/\/colomiersjudo.fr\/Boutique\/wp-content\/uploads\/2025\/02\/Kimono-Fighting-Films-Enfant-V1_LOGO.jpg","contentUrl":"https:\/\/colomiersjudo.fr\/Boutique\/wp-content\/uploads\/2025\/02\/Kimono-Fighting-Films-Enfant-V1_LOGO.jpg","width":1500,"height":1500},{"@type":"BreadcrumbList","@id":"https:\/\/colomiersjudo.fr\/Boutique\/product\/kimono-hajime\/#breadcrumb","itemListElement":[{"@type":"ListItem","position":1,"name":"Home","item":"https:\/\/colomiersjudo.fr\/Boutique\/"},{"@type":"ListItem","position":2,"name":"Boutique","item":"https:\/\/colomiersjudo.fr\/Boutique\/"},{"@type":"ListItem","position":3,"name":"Kimono Hajime"}]},{"@type":"WebSite","@id":"https:\/\/colomiersjudo.fr\/Boutique\/#website","url":"https:\/\/colomiersjudo.fr\/Boutique\/","name":"Boutique Officielle de l&#039;US Colomiers Judo","description":"Vente de kimonos, v\u00eatements et accessoires \u00e0 l&#039;image du club de l&#039;US Colomiers Judo","publisher":{"@id":"https:\/\/colomiersjudo.fr\/Boutique\/#organization"},"potentialAction":[{"@type":"SearchAction","target":{"@type":"EntryPoint","urlTemplate":"https:\/\/colomiersjudo.fr\/Boutique\/?s={search_term_string}"},"query-input":{"@type":"PropertyValueSpecification","valueRequired":true,"valueName":"search_term_string"}}],"inLanguage":"fr-FR"},{"@type":"Organization","@id":"https:\/\/colomiersjudo.fr\/Boutique\/#organization","name":"Boutique Officielle de l&#039;US Colomiers Judo","url":"https:\/\/colomiersjudo.fr\/Boutique\/","logo":{"@type":"ImageObject","inLanguage":"fr-FR","@id":"https:\/\/colomiersjudo.fr\/Boutique\/#\/schema\/logo\/image\/","url":"https:\/\/colomiersjudo.fr\/Boutique\/wp-content\/uploads\/2025\/02\/cropped-logo-judo-colomiers-2.jpg","contentUrl":"https:\/\/colomiersjudo.fr\/Boutique\/wp-content\/uploads\/2025\/02\/cropped-logo-judo-colomiers-2.jpg","width":507,"height":507,"caption":"Boutique Officielle de l&#039;US Colomiers Judo"},"image":{"@id":"https:\/\/colomiersjudo.fr\/Boutique\/#\/schema\/logo\/image\/"}}]}},"_links":{"self":[{"href":"https:\/\/colomiersjudo.fr\/Boutique\/wp-json\/wp\/v2\/product\/61","targetHints":{"allow":["GET"]}}],"collection":[{"href":"https:\/\/colomiersjudo.fr\/Boutique\/wp-json\/wp\/v2\/product"}],"about":[{"href":"https:\/\/colomiersjudo.fr\/Boutique\/wp-json\/wp\/v2\/types\/product"}],"replies":[{"embeddable":true,"href":"https:\/\/colomiersjudo.fr\/Boutique\/wp-json\/wp\/v2\/comments?post=61"}],"wp:featuredmedia":[{"embeddable":true,"href":"https:\/\/colomiersjudo.fr\/Boutique\/wp-json\/wp\/v2\/media\/62"}],"wp:attachment":[{"href":"https:\/\/colomiersjudo.fr\/Boutique\/wp-json\/wp\/v2\/media?parent=61"}],"wp:term":[{"taxonomy":"product_brand","embeddable":true,"href":"https:\/\/colomiersjudo.fr\/Boutique\/wp-json\/wp\/v2\/product_brand?post=61"},{"taxonomy":"product_cat","embeddable":true,"href":"https:\/\/colomiersjudo.fr\/Boutique\/wp-json\/wp\/v2\/product_cat?post=61"},{"taxonomy":"product_tag","embeddable":true,"href":"https:\/\/colomiersjudo.fr\/Boutique\/wp-json\/wp\/v2\/product_tag?post=61"}],"curies":[{"name":"wp","href":"https:\/\/api.w.org\/{rel}","templated":true}]}}